{"id":9329,"date":"2021-02-26T11:36:30","date_gmt":"2021-02-26T11:37:18","guid":{"rendered":"https:\/\/obstare.com\/?post_type=product&#038;p=9329"},"modified":"2024-11-07T03:40:02","modified_gmt":"2024-11-07T03:40:02","slug":"dormir-sin-llorar-ebook","status":"publish","type":"product","link":"https:\/\/obstare.com\/en\/ebook-spanish\/dormir-sin-llorar-ebook\/","title":{"rendered":"Ebook \u2013 Dormir sin llorar"},"content":{"rendered":"<p>&#8211; Why no crying? &#8211; Are you sure it&#8217;s okay for him to cry? &#8211; Should he\/she sleep all at once from the age of 3 months? &#8211; Does co-sleeping make children dependent? &#8211; Will he sleep better if he gets very tired during the day? &#8211; What are extinction methods? Dormir sin llorar is a practical book written from the experience on infant sleep of its authors in their role as mothers, and also from the knowledge of different health professionals who have collaborated in its elaboration. It is a text born from the Parents&#8217; Forum of www.DormirSinLlorar.com, which currently has tens of thousands of users. This is the result of several years of work by the authors, which has taken shape as the only evolutionary book on sleep that currently exists. It is not conceived for a linear and continuous reading; the rhythm and order of reading are conditioned by the circumstances you are living in each moment. At each new stage, you can and should revisit the text with new eyes, which will lead you to discover new ideas for the nighttime wellbeing of the whole family. Reading Dormir Sin Llorar, The Book of the Web will allow you to know how babies&#8217; normal sleep is and how it evolves; in this way, you will get to know their rest needs and you will be able to elaborate and apply your own personalized Sleep Plan, which will undoubtedly allow the whole family to rest. Thanks to the tools presented here, you will be able to create a unique method: without suffering, without crying, with love and patience.<\/p>\n","protected":false},"excerpt":{"rendered":"<table class=\"custom-table-variations-description-product\" cellspacing=\"0\">\n<tbody>\n<tr>\n<td><span class=\"attr-name-custom-table-variations-description-product attr-name-custom-table-variations-description-product-author\">Author<\/span><\/td>\n<td><span class=\"attr-value-custom-table-variations-description-product attr-value-custom-table-variations-description-product-author\"><a href=\"https:\/\/obstare.com\/en\/book-author\/begona-sanz\/\" target=\"_blank\" rel=\"noopener\">Bego\u00f1a Sanz<\/a>, <a href=\"https:\/\/obstare.com\/en\/book-author\/cristina-lopez\/\" target=\"_blank\" rel=\"noopener\">Cristina L\u00f3pez<\/a>, <a href=\"https:\/\/obstare.com\/en\/book-author\/mercedes-salas\/\" target=\"_blank\" rel=\"noopener\">Mercedes Salas<\/a>, VV. AA<\/span><\/td>\n<\/tr>\n<tr>\n<td><span class=\"attr-name-custom-table-variations-description-product\">Pages<\/span><\/td>\n<td><span class=\"attr-value-custom-table-variations-description-product\">304<\/span><\/td>\n<\/tr>\n<\/tbody>\n<\/table>\n","protected":false},"featured_media":8710,"comment_status":"open","ping_status":"closed","template":"","meta":[],"yoast_head":"<!-- This site is optimized with the Yoast SEO plugin v16.4 - https:\/\/yoast.com\/wordpress\/plugins\/seo\/ -->\n<title>Ebook \u2013 Dormir sin llorar | Parenting book \u2705 Buy the book here!<\/title>\n<meta name=\"description\" content=\"Ebook \u2013 Dormir sin llorar by Bego\u00f1a Sanz, Cristina L\u00f3pez, Mercedes Salas, Montserrat Reverte, Rafaela L\u00f3pez, Roberta Bastiani, Rosalina M\u00e1rquez.\" \/>\n<meta name=\"robots\" content=\"index, follow, max-snippet:-1, max-image-preview:large, max-video-preview:-1\" \/>\n<link rel=\"canonical\" href=\"https:\/\/obstare.com\/en\/ebook-spanish\/dormir-sin-llorar-ebook\/\" \/>\n<meta property=\"og:locale\" content=\"en_US\" \/>\n<meta property=\"og:type\" content=\"article\" \/>\n<meta property=\"og:title\" content=\"Ebook \u2013 Dormir sin llorar | Parenting book \u2705 Buy the book here!\" \/>\n<meta property=\"og:description\" content=\"Ebook \u2013 Dormir sin llorar by Bego\u00f1a Sanz, Cristina L\u00f3pez, Mercedes Salas, Montserrat Reverte, Rafaela L\u00f3pez, Roberta Bastiani, Rosalina M\u00e1rquez.\" \/>\n<meta property=\"og:url\" content=\"https:\/\/obstare.com\/en\/ebook-spanish\/dormir-sin-llorar-ebook\/\" \/>\n<meta property=\"og:site_name\" content=\"OB Stare\" \/>\n<meta property=\"article:modified_time\" content=\"2024-11-07T03:40:02+00:00\" \/>\n<meta property=\"og:image\" content=\"https:\/\/obstare.com\/wp-content\/uploads\/2021\/01\/Dormir-sin-llorar.jpg\" \/>\n\t<meta property=\"og:image:width\" content=\"330\" \/>\n\t<meta property=\"og:image:height\" content=\"466\" \/>\n<meta name=\"twitter:card\" content=\"summary_large_image\" \/>\n<meta name=\"twitter:label1\" content=\"Est. reading time\" \/>\n\t<meta name=\"twitter:data1\" content=\"1 minute\" \/>\n<script type=\"application\/ld+json\" class=\"yoast-schema-graph\">{\"@context\":\"https:\/\/schema.org\",\"@graph\":[{\"@type\":\"WebSite\",\"@id\":\"https:\/\/obstare.com\/#website\",\"url\":\"https:\/\/obstare.com\/\",\"name\":\"OB Stare\",\"description\":\"Editorial OB Stare\",\"potentialAction\":[{\"@type\":\"SearchAction\",\"target\":\"https:\/\/obstare.com\/?s={search_term_string}\",\"query-input\":\"required name=search_term_string\"}],\"inLanguage\":\"en-US\"},{\"@type\":\"ImageObject\",\"@id\":\"https:\/\/obstare.com\/en\/ebook-spanish\/dormir-sin-llorar-ebook\/#primaryimage\",\"inLanguage\":\"en-US\",\"url\":\"https:\/\/obstare.com\/wp-content\/uploads\/2021\/01\/Dormir-sin-llorar.jpg\",\"contentUrl\":\"https:\/\/obstare.com\/wp-content\/uploads\/2021\/01\/Dormir-sin-llorar.jpg\",\"width\":330,\"height\":466,\"caption\":\"Dormir sin llorar\"},{\"@type\":\"WebPage\",\"@id\":\"https:\/\/obstare.com\/en\/ebook-spanish\/dormir-sin-llorar-ebook\/#webpage\",\"url\":\"https:\/\/obstare.com\/en\/ebook-spanish\/dormir-sin-llorar-ebook\/\",\"name\":\"Ebook \\u2013 Dormir sin llorar | Parenting book \\u2705 Buy the book here!\",\"isPartOf\":{\"@id\":\"https:\/\/obstare.com\/#website\"},\"primaryImageOfPage\":{\"@id\":\"https:\/\/obstare.com\/en\/ebook-spanish\/dormir-sin-llorar-ebook\/#primaryimage\"},\"datePublished\":\"2021-02-26T11:37:18+00:00\",\"dateModified\":\"2024-11-07T03:40:02+00:00\",\"description\":\"Ebook \\u2013 Dormir sin llorar by Bego\\u00f1a Sanz, Cristina L\\u00f3pez, Mercedes Salas, Montserrat Reverte, Rafaela L\\u00f3pez, Roberta Bastiani, Rosalina M\\u00e1rquez.\",\"breadcrumb\":{\"@id\":\"https:\/\/obstare.com\/en\/ebook-spanish\/dormir-sin-llorar-ebook\/#breadcrumb\"},\"inLanguage\":\"en-US\",\"potentialAction\":[{\"@type\":\"ReadAction\",\"target\":[\"https:\/\/obstare.com\/en\/ebook-spanish\/dormir-sin-llorar-ebook\/\"]}]},{\"@type\":\"BreadcrumbList\",\"@id\":\"https:\/\/obstare.com\/en\/ebook-spanish\/dormir-sin-llorar-ebook\/#breadcrumb\",\"itemListElement\":[{\"@type\":\"ListItem\",\"position\":1,\"item\":{\"@type\":\"WebPage\",\"@id\":\"https:\/\/obstare.com\/en\/\",\"url\":\"https:\/\/obstare.com\/en\/\",\"name\":\"Portada\"}},{\"@type\":\"ListItem\",\"position\":2,\"item\":{\"@type\":\"WebPage\",\"@id\":\"https:\/\/obstare.com\/en\/catalog\/\",\"url\":\"https:\/\/obstare.com\/en\/catalog\/\",\"name\":\"Catalog\"}},{\"@type\":\"ListItem\",\"position\":3,\"item\":{\"@id\":\"https:\/\/obstare.com\/en\/ebook-spanish\/dormir-sin-llorar-ebook\/#webpage\"}}]}]}<\/script>\n<!-- \/ Yoast SEO plugin. -->","_links":{"self":[{"href":"https:\/\/obstare.com\/en\/wp-json\/wp\/v2\/product\/9329"}],"collection":[{"href":"https:\/\/obstare.com\/en\/wp-json\/wp\/v2\/product"}],"about":[{"href":"https:\/\/obstare.com\/en\/wp-json\/wp\/v2\/types\/product"}],"replies":[{"embeddable":true,"href":"https:\/\/obstare.com\/en\/wp-json\/wp\/v2\/comments?post=9329"}],"wp:featuredmedia":[{"embeddable":true,"href":"https:\/\/obstare.com\/en\/wp-json\/wp\/v2\/media\/8710"}],"wp:attachment":[{"href":"https:\/\/obstare.com\/en\/wp-json\/wp\/v2\/media?parent=9329"}],"curies":[{"name":"wp","href":"https:\/\/api.w.org\/{rel}","templated":true}]}}