{"id":7812,"date":"2021-01-07T08:37:37","date_gmt":"2021-01-07T08:37:37","guid":{"rendered":"https:\/\/dev.obstare.com\/uncategorized\/el-libro-rojo-de-las-ninas-ebook\/"},"modified":"2021-06-24T08:15:47","modified_gmt":"2021-06-24T08:15:47","slug":"el-libro-rojo-de-las-ninas-ebook","status":"publish","type":"product","link":"https:\/\/obstare.com\/en\/ebook-spanish\/el-libro-rojo-de-las-ninas-ebook\/","title":{"rendered":"Ebook &#8211; El libro rojo de las ni\u00f1as"},"content":{"rendered":"<p>Nature dwells in our bodies, and if we open ourselves to listen to her, she gives us her great power: the power to go in favor of ourselves, the power to know our changing needs and attend to them. The greatest treasure of feminine nature is the ability it gives you to appreciate and value that everything changes (inside and outside of you), and that is perfect.<br \/>\nEl libro rojo de las ni\u00f1as from the Tribe Tales Collection was born to accompany and empower girls on their way to maturity, but it is also a book for mothers, and for all women, because it helps us to heal wounds from our own childhood. A picture book whose words and images seem to whisper to our psyche (emotions-mind-spirit) that it is good to obey us, listen to us and love us.<\/p>\n","protected":false},"excerpt":{"rendered":"<table class=\"custom-table-variations-description-product\" cellspacing=\"0\">\n<tbody>\n<tr>\n<td><span class=\"attr-name-custom-table-variations-description-product attr-name-custom-table-variations-description-product-author\">Author<\/span><\/td>\n<td><span class=\"attr-value-custom-table-variations-description-product attr-value-custom-table-variations-description-product-author\"><a href=\"https:\/\/obstare.com\/en\/book-author\/cristina-romero\/\" target=\"_blank\" rel=\"noopener\">Cristina Romero<\/a>, <a href=\"https:\/\/obstare.com\/en\/book-author\/francis-marin\/\" target=\"_blank\" rel=\"noopener\">Francis Mar\u00edn<\/a><\/span><\/td>\n<\/tr>\n<tr>\n<td><span class=\"attr-name-custom-table-variations-description-product\">Illustrations<\/span><\/td>\n<td><span class=\"attr-value-custom-table-variations-description-product\">Francis Mar\u00edn<\/span><\/td>\n<\/tr>\n<tr>\n<td><span class=\"attr-name-custom-table-variations-description-product\">Pages<\/span><\/td>\n<td><span class=\"attr-value-custom-table-variations-description-product\">50<\/span><\/td>\n<\/tr>\n<tr>\n<td><span class=\"attr-name-custom-table-variations-description-product\">Booktrailer<\/span><\/td>\n<td><span class=\"attr-value-custom-table-variations-description-product\"><a href=\"https:\/\/www.youtube.com\/watch?v=O5sQOF0Boiw\" target=\"_blank\" rel=\"noopener\">Watch video<\/a><\/span><\/td>\n<\/tr>\n<\/tbody>\n<\/table>\n<p><a href=\"https:\/\/www.youtube.com\/watch?v=kFOy--kk374&amp;t=83s\" target=\"_blank\" rel=\"noopener\">&#8220;El Libro Rojo de las Ni\u00f1as&#8221; in Sign Language<\/a><\/p>\n","protected":false},"featured_media":9568,"comment_status":"open","ping_status":"closed","template":"","meta":[],"yoast_head":"<!-- This site is optimized with the Yoast SEO plugin v16.4 - https:\/\/yoast.com\/wordpress\/plugins\/seo\/ -->\n<title>Ebook - El libro rojo de las ni\u00f1as - OB Stare<\/title>\n<meta name=\"robots\" content=\"index, follow, max-snippet:-1, max-image-preview:large, max-video-preview:-1\" \/>\n<link rel=\"canonical\" href=\"https:\/\/obstare.com\/en\/ebook-spanish\/el-libro-rojo-de-las-ninas-ebook\/\" \/>\n<meta property=\"og:locale\" content=\"en_US\" \/>\n<meta property=\"og:type\" content=\"article\" \/>\n<meta property=\"og:title\" content=\"Ebook - El libro rojo de las ni\u00f1as - OB Stare\" \/>\n<meta property=\"og:description\" content=\"Author Cristina Romero, Francis Mar\u00edn   Illustrations Francis Mar\u00edn   Pages 50   Booktrailer Watch video    &quot;El Libro Rojo de las Ni\u00f1as&quot; in Sign Language\" \/>\n<meta property=\"og:url\" content=\"https:\/\/obstare.com\/en\/ebook-spanish\/el-libro-rojo-de-las-ninas-ebook\/\" \/>\n<meta property=\"og:site_name\" content=\"OB Stare\" \/>\n<meta property=\"article:modified_time\" content=\"2021-06-24T08:15:47+00:00\" \/>\n<meta property=\"og:image\" content=\"https:\/\/obstare.com\/wp-content\/uploads\/2021\/01\/El-LIbro-Rojo-de-las-Ninas-4a-ed.jpg\" \/>\n\t<meta property=\"og:image:width\" content=\"800\" \/>\n\t<meta property=\"og:image:height\" content=\"811\" \/>\n<meta name=\"twitter:card\" content=\"summary_large_image\" \/>\n<meta name=\"twitter:label1\" content=\"Est. reading time\" \/>\n\t<meta name=\"twitter:data1\" content=\"1 minute\" \/>\n<script type=\"application\/ld+json\" class=\"yoast-schema-graph\">{\"@context\":\"https:\/\/schema.org\",\"@graph\":[{\"@type\":\"WebSite\",\"@id\":\"https:\/\/obstare.com\/#website\",\"url\":\"https:\/\/obstare.com\/\",\"name\":\"OB Stare\",\"description\":\"Editorial OB Stare\",\"potentialAction\":[{\"@type\":\"SearchAction\",\"target\":\"https:\/\/obstare.com\/?s={search_term_string}\",\"query-input\":\"required name=search_term_string\"}],\"inLanguage\":\"en-US\"},{\"@type\":\"ImageObject\",\"@id\":\"https:\/\/obstare.com\/en\/ebook-spanish\/el-libro-rojo-de-las-ninas-ebook\/#primaryimage\",\"inLanguage\":\"en-US\",\"url\":\"https:\/\/obstare.com\/wp-content\/uploads\/2021\/01\/El-LIbro-Rojo-de-las-Ninas-4a-ed.jpg\",\"contentUrl\":\"https:\/\/obstare.com\/wp-content\/uploads\/2021\/01\/El-LIbro-Rojo-de-las-Ninas-4a-ed.jpg\",\"width\":800,\"height\":811,\"caption\":\"El libro rojo de las ni\\u00f1as\"},{\"@type\":\"WebPage\",\"@id\":\"https:\/\/obstare.com\/en\/ebook-spanish\/el-libro-rojo-de-las-ninas-ebook\/#webpage\",\"url\":\"https:\/\/obstare.com\/en\/ebook-spanish\/el-libro-rojo-de-las-ninas-ebook\/\",\"name\":\"Ebook - El libro rojo de las ni\\u00f1as - OB Stare\",\"isPartOf\":{\"@id\":\"https:\/\/obstare.com\/#website\"},\"primaryImageOfPage\":{\"@id\":\"https:\/\/obstare.com\/en\/ebook-spanish\/el-libro-rojo-de-las-ninas-ebook\/#primaryimage\"},\"datePublished\":\"2021-01-07T08:37:37+00:00\",\"dateModified\":\"2021-06-24T08:15:47+00:00\",\"breadcrumb\":{\"@id\":\"https:\/\/obstare.com\/en\/ebook-spanish\/el-libro-rojo-de-las-ninas-ebook\/#breadcrumb\"},\"inLanguage\":\"en-US\",\"potentialAction\":[{\"@type\":\"ReadAction\",\"target\":[\"https:\/\/obstare.com\/en\/ebook-spanish\/el-libro-rojo-de-las-ninas-ebook\/\"]}]},{\"@type\":\"BreadcrumbList\",\"@id\":\"https:\/\/obstare.com\/en\/ebook-spanish\/el-libro-rojo-de-las-ninas-ebook\/#breadcrumb\",\"itemListElement\":[{\"@type\":\"ListItem\",\"position\":1,\"item\":{\"@type\":\"WebPage\",\"@id\":\"https:\/\/obstare.com\/en\/\",\"url\":\"https:\/\/obstare.com\/en\/\",\"name\":\"Portada\"}},{\"@type\":\"ListItem\",\"position\":2,\"item\":{\"@type\":\"WebPage\",\"@id\":\"https:\/\/obstare.com\/en\/catalog\/\",\"url\":\"https:\/\/obstare.com\/en\/catalog\/\",\"name\":\"Catalog\"}},{\"@type\":\"ListItem\",\"position\":3,\"item\":{\"@id\":\"https:\/\/obstare.com\/en\/ebook-spanish\/el-libro-rojo-de-las-ninas-ebook\/#webpage\"}}]}]}<\/script>\n<!-- \/ Yoast SEO plugin. -->","_links":{"self":[{"href":"https:\/\/obstare.com\/en\/wp-json\/wp\/v2\/product\/7812"}],"collection":[{"href":"https:\/\/obstare.com\/en\/wp-json\/wp\/v2\/product"}],"about":[{"href":"https:\/\/obstare.com\/en\/wp-json\/wp\/v2\/types\/product"}],"replies":[{"embeddable":true,"href":"https:\/\/obstare.com\/en\/wp-json\/wp\/v2\/comments?post=7812"}],"wp:featuredmedia":[{"embeddable":true,"href":"https:\/\/obstare.com\/en\/wp-json\/wp\/v2\/media\/9568"}],"wp:attachment":[{"href":"https:\/\/obstare.com\/en\/wp-json\/wp\/v2\/media?parent=7812"}],"curies":[{"name":"wp","href":"https:\/\/api.w.org\/{rel}","templated":true}]}}