{"id":7774,"date":"2021-01-07T08:58:56","date_gmt":"2021-01-07T08:58:56","guid":{"rendered":"https:\/\/dev.obstare.com\/uncategorized\/las-voces-olvidadas-ebook\/"},"modified":"2023-11-19T20:47:50","modified_gmt":"2023-11-19T20:47:50","slug":"las-voces-olvidadas-ebook","status":"publish","type":"product","link":"https:\/\/obstare.com\/en\/ebook-spanish\/las-voces-olvidadas-ebook\/","title":{"rendered":"Ebook &#8211; Las voces olvidadas"},"content":{"rendered":"<p>The authors of LAS VOCES OLVIDADAS are women who deal extensively and reflectively with the experience of the loss of a baby in the first weeks of gestation with the determination to bring to light a reality that is not very visible and immersed in countless taboos. This book gives voice, space and time to the babies who only lived in the womb; to the mothers, who often silenced their grief because of the social and cultural silence to which these losses have been subjected; and to the fathers, who, even today, almost nobody pays attention to them. Phases of grief, fertility problems, repeat losses, abortion management, full breasts and empty arms, subsequent pregnancies and births&#8230; all this has been shrouded in the dark halo of fear, anguish, loneliness, frustration, isolation, denial and misinformation experienced by the woman and her partner in the face of early gestational loss. An issue that humanity has had pending since the beginning of time, because&#8230; the pain that is silenced is more painful.<\/p>\n","protected":false},"excerpt":{"rendered":"<table class=\"custom-table-variations-description-product\" cellspacing=\"0\">\n<tbody>\n<tr>\n<td><span class=\"attr-name-custom-table-variations-description-product attr-name-custom-table-variations-description-product-author\">Author<\/span><\/td>\n<td><span class=\"attr-value-custom-table-variations-description-product attr-value-custom-table-variations-description-product-author\"><a href=\"https:\/\/obstare.com\/en\/book-author\/cristina-silvente\/\" target=\"_blank\" rel=\"noopener\">Cristina Silvente<\/a>, <a href=\"https:\/\/obstare.com\/en\/book-author\/laura-garcia-carrascosa\/\" target=\"_blank\" rel=\"noopener\">Laura Garc\u00eda Carrascosa<br \/>\n<\/a>, <a href=\"https:\/\/obstare.com\/en\/book-author\/m-angels-claramunt\/\" target=\"_blank\" rel=\"noopener\">M. \u00c0ngels Claramunt<\/a>, <a href=\"https:\/\/obstare.com\/en\/book-author\/monica-alvarez\/\" target=\"_blank\" rel=\"noopener\">M\u00f3nica \u00c1lvarez<\/a><\/span><\/td>\n<\/tr>\n<tr>\n<td><span class=\"attr-name-custom-table-variations-description-product\">Illustrations<\/span><\/td>\n<td><span class=\"attr-value-custom-table-variations-description-product\">Mat\u00edas Tols\u00e0<\/span><\/td>\n<\/tr>\n<tr>\n<td><span class=\"attr-name-custom-table-variations-description-product\">Pages<\/span><\/td>\n<td><span class=\"attr-value-custom-table-variations-description-product\">260<\/span><\/td>\n<\/tr>\n<\/tbody>\n<\/table>\n","protected":false},"featured_media":8669,"comment_status":"open","ping_status":"closed","template":"","meta":[],"yoast_head":"<!-- This site is optimized with the Yoast SEO plugin v16.4 - https:\/\/yoast.com\/wordpress\/plugins\/seo\/ -->\n<title>Ebook - Las voces olvidadas - OB Stare<\/title>\n<meta name=\"robots\" content=\"index, follow, max-snippet:-1, max-image-preview:large, max-video-preview:-1\" \/>\n<link rel=\"canonical\" href=\"https:\/\/obstare.com\/en\/ebook-spanish\/las-voces-olvidadas-ebook\/\" \/>\n<meta property=\"og:locale\" content=\"en_US\" \/>\n<meta property=\"og:type\" content=\"article\" \/>\n<meta property=\"og:title\" content=\"Ebook - Las voces olvidadas - OB Stare\" \/>\n<meta property=\"og:description\" content=\"Author Cristina Silvente, Laura Garc\u00eda Carrascosa , M. \u00c0ngels Claramunt, M\u00f3nica \u00c1lvarez   Illustrations Mat\u00edas Tols\u00e0   Pages 260\" \/>\n<meta property=\"og:url\" content=\"https:\/\/obstare.com\/en\/ebook-spanish\/las-voces-olvidadas-ebook\/\" \/>\n<meta property=\"og:site_name\" content=\"OB Stare\" \/>\n<meta property=\"article:modified_time\" content=\"2023-11-19T20:47:50+00:00\" \/>\n<meta property=\"og:image\" content=\"https:\/\/obstare.com\/wp-content\/uploads\/2021\/01\/Las-voces-olvidadas.jpg\" \/>\n\t<meta property=\"og:image:width\" content=\"1200\" \/>\n\t<meta property=\"og:image:height\" content=\"1679\" \/>\n<meta name=\"twitter:card\" content=\"summary_large_image\" \/>\n<meta name=\"twitter:label1\" content=\"Est. reading time\" \/>\n\t<meta name=\"twitter:data1\" content=\"1 minute\" \/>\n<script type=\"application\/ld+json\" class=\"yoast-schema-graph\">{\"@context\":\"https:\/\/schema.org\",\"@graph\":[{\"@type\":\"WebSite\",\"@id\":\"https:\/\/obstare.com\/#website\",\"url\":\"https:\/\/obstare.com\/\",\"name\":\"OB Stare\",\"description\":\"Editorial OB Stare\",\"potentialAction\":[{\"@type\":\"SearchAction\",\"target\":\"https:\/\/obstare.com\/?s={search_term_string}\",\"query-input\":\"required name=search_term_string\"}],\"inLanguage\":\"en-US\"},{\"@type\":\"ImageObject\",\"@id\":\"https:\/\/obstare.com\/en\/ebook-spanish\/las-voces-olvidadas-ebook\/#primaryimage\",\"inLanguage\":\"en-US\",\"url\":\"https:\/\/obstare.com\/wp-content\/uploads\/2021\/01\/Las-voces-olvidadas.jpg\",\"contentUrl\":\"https:\/\/obstare.com\/wp-content\/uploads\/2021\/01\/Las-voces-olvidadas.jpg\",\"width\":1200,\"height\":1679,\"caption\":\"Las voces olvidadas\"},{\"@type\":\"WebPage\",\"@id\":\"https:\/\/obstare.com\/en\/ebook-spanish\/las-voces-olvidadas-ebook\/#webpage\",\"url\":\"https:\/\/obstare.com\/en\/ebook-spanish\/las-voces-olvidadas-ebook\/\",\"name\":\"Ebook - Las voces olvidadas - OB Stare\",\"isPartOf\":{\"@id\":\"https:\/\/obstare.com\/#website\"},\"primaryImageOfPage\":{\"@id\":\"https:\/\/obstare.com\/en\/ebook-spanish\/las-voces-olvidadas-ebook\/#primaryimage\"},\"datePublished\":\"2021-01-07T08:58:56+00:00\",\"dateModified\":\"2023-11-19T20:47:50+00:00\",\"breadcrumb\":{\"@id\":\"https:\/\/obstare.com\/en\/ebook-spanish\/las-voces-olvidadas-ebook\/#breadcrumb\"},\"inLanguage\":\"en-US\",\"potentialAction\":[{\"@type\":\"ReadAction\",\"target\":[\"https:\/\/obstare.com\/en\/ebook-spanish\/las-voces-olvidadas-ebook\/\"]}]},{\"@type\":\"BreadcrumbList\",\"@id\":\"https:\/\/obstare.com\/en\/ebook-spanish\/las-voces-olvidadas-ebook\/#breadcrumb\",\"itemListElement\":[{\"@type\":\"ListItem\",\"position\":1,\"item\":{\"@type\":\"WebPage\",\"@id\":\"https:\/\/obstare.com\/en\/\",\"url\":\"https:\/\/obstare.com\/en\/\",\"name\":\"Portada\"}},{\"@type\":\"ListItem\",\"position\":2,\"item\":{\"@type\":\"WebPage\",\"@id\":\"https:\/\/obstare.com\/en\/catalog\/\",\"url\":\"https:\/\/obstare.com\/en\/catalog\/\",\"name\":\"Catalog\"}},{\"@type\":\"ListItem\",\"position\":3,\"item\":{\"@id\":\"https:\/\/obstare.com\/en\/ebook-spanish\/las-voces-olvidadas-ebook\/#webpage\"}}]}]}<\/script>\n<!-- \/ Yoast SEO plugin. -->","_links":{"self":[{"href":"https:\/\/obstare.com\/en\/wp-json\/wp\/v2\/product\/7774"}],"collection":[{"href":"https:\/\/obstare.com\/en\/wp-json\/wp\/v2\/product"}],"about":[{"href":"https:\/\/obstare.com\/en\/wp-json\/wp\/v2\/types\/product"}],"replies":[{"embeddable":true,"href":"https:\/\/obstare.com\/en\/wp-json\/wp\/v2\/comments?post=7774"}],"wp:featuredmedia":[{"embeddable":true,"href":"https:\/\/obstare.com\/en\/wp-json\/wp\/v2\/media\/8669"}],"wp:attachment":[{"href":"https:\/\/obstare.com\/en\/wp-json\/wp\/v2\/media?parent=7774"}],"curies":[{"name":"wp","href":"https:\/\/api.w.org\/{rel}","templated":true}]}}