{"id":7713,"date":"2021-01-04T11:43:30","date_gmt":"2021-01-04T11:43:30","guid":{"rendered":"https:\/\/dev.obstare.com\/uncategorized\/abrazar-la-muerte-cuando-se-espera-la-vida\/"},"modified":"2021-06-24T11:25:48","modified_gmt":"2021-06-24T11:25:48","slug":"abrazar-la-muerte-cuando-se-espera-la-vida","status":"publish","type":"product","link":"https:\/\/obstare.com\/en\/postpartum-and-newborn-care\/abrazar-la-muerte-cuando-se-espera-la-vida\/","title":{"rendered":"Abrazar la muerte cuando se espera la vida"},"content":{"rendered":"<p>You are not the owner of life or death. You are not the owner of life or death&#8230;. Don&#8217;t despair because science doesn&#8217;t give you the answer&#8230; Try asking Heaven&#8230; You will feel calm and hope again&#8230; Trust&#8230; We live perhaps with the false idea that we control life, that we can develop our vital project ensuring profits and dominating nature -this is the most serious mistake of our time-. However, this is not exactly so, because death is there. We do not know anything about our origin or destiny, we do not know what mission each being that arrives on Earth has, nor do we easily stop to meet our feelings and emotions regarding death.<\/p>\n","protected":false},"excerpt":{"rendered":"<table class=\"custom-table-variations-description-product\" cellspacing=\"0\">\n<tbody>\n<tr>\n<td><span class=\"attr-name-custom-table-variations-description-product attr-name-custom-table-variations-description-product-author\">Author<\/span><\/td>\n<td><span class=\"attr-value-custom-table-variations-description-product attr-value-custom-table-variations-description-product-author\"><a href=\"https:\/\/obstare.com\/en\/book-author\/maria-jesus-blazquez\/\" target=\"_blank\" rel=\"noopener\">Mar\u00eda Jes\u00fas Bl\u00e1zquez<\/a><\/span><\/td>\n<\/tr>\n<tr>\n<td><span class=\"attr-name-custom-table-variations-description-product\">Pages<\/span><\/td>\n<td><span class=\"attr-value-custom-table-variations-description-product\">60<\/span><\/td>\n<\/tr>\n<tr>\n<td><span class=\"attr-name-custom-table-variations-description-product\">Year<\/span><\/td>\n<td><span class=\"attr-value-custom-table-variations-description-product\">2015<\/span><\/td>\n<\/tr>\n<tr>\n<td><span class=\"attr-name-custom-table-variations-description-product\">Bookbinding<\/span><\/td>\n<td><span class=\"attr-value-custom-table-variations-description-product\">Soft cover<\/span><\/td>\n<\/tr>\n<tr>\n<td><span class=\"attr-name-custom-table-variations-description-product\">Format<\/span><\/td>\n<td><span class=\"attr-value-custom-table-variations-description-product\">180 x 180 mm.<\/span><\/td>\n<\/tr>\n<tr>\n<td><span class=\"attr-name-custom-table-variations-description-product\">Flap<\/span><\/td>\n<td><span class=\"attr-value-custom-table-variations-description-product\">Yes<\/span><\/td>\n<\/tr>\n<\/tbody>\n<\/table>\n","protected":false},"featured_media":7540,"comment_status":"open","ping_status":"closed","template":"","meta":[],"yoast_head":"<!-- This site is optimized with the Yoast SEO plugin v16.4 - https:\/\/yoast.com\/wordpress\/plugins\/seo\/ -->\n<title>Abrazar la muerte cuando se espera la vida - OB Stare<\/title>\n<meta name=\"robots\" content=\"index, follow, max-snippet:-1, max-image-preview:large, max-video-preview:-1\" \/>\n<link rel=\"canonical\" href=\"https:\/\/obstare.com\/en\/postpartum-and-newborn-care\/abrazar-la-muerte-cuando-se-espera-la-vida\/\" \/>\n<meta property=\"og:locale\" content=\"en_US\" \/>\n<meta property=\"og:type\" content=\"article\" \/>\n<meta property=\"og:title\" content=\"Abrazar la muerte cuando se espera la vida - OB Stare\" \/>\n<meta property=\"og:description\" content=\"Author Mar\u00eda Jes\u00fas Bl\u00e1zquez   Pages 60   Year 2015   Bookbinding Soft cover   Format 180 x 180 mm.   Flap Yes\" \/>\n<meta property=\"og:url\" content=\"https:\/\/obstare.com\/en\/postpartum-and-newborn-care\/abrazar-la-muerte-cuando-se-espera-la-vida\/\" \/>\n<meta property=\"og:site_name\" content=\"OB Stare\" \/>\n<meta property=\"article:modified_time\" content=\"2021-06-24T11:25:48+00:00\" \/>\n<meta property=\"og:image\" content=\"https:\/\/obstare.com\/wp-content\/uploads\/2021\/01\/Abrazar-la-muerte-cuando-se-espera-la-vida-1024x1024.jpg\" \/>\n\t<meta property=\"og:image:width\" content=\"1024\" \/>\n\t<meta property=\"og:image:height\" content=\"1024\" \/>\n<meta name=\"twitter:card\" content=\"summary_large_image\" \/>\n<meta name=\"twitter:label1\" content=\"Est. reading time\" \/>\n\t<meta name=\"twitter:data1\" content=\"1 minute\" \/>\n<script type=\"application\/ld+json\" class=\"yoast-schema-graph\">{\"@context\":\"https:\/\/schema.org\",\"@graph\":[{\"@type\":\"WebSite\",\"@id\":\"https:\/\/obstare.com\/#website\",\"url\":\"https:\/\/obstare.com\/\",\"name\":\"OB Stare\",\"description\":\"Editorial OB Stare\",\"potentialAction\":[{\"@type\":\"SearchAction\",\"target\":\"https:\/\/obstare.com\/?s={search_term_string}\",\"query-input\":\"required name=search_term_string\"}],\"inLanguage\":\"en-US\"},{\"@type\":\"ImageObject\",\"@id\":\"https:\/\/obstare.com\/en\/postpartum-and-newborn-care\/abrazar-la-muerte-cuando-se-espera-la-vida\/#primaryimage\",\"inLanguage\":\"en-US\",\"url\":\"https:\/\/obstare.com\/wp-content\/uploads\/2021\/01\/Abrazar-la-muerte-cuando-se-espera-la-vida.jpg\",\"contentUrl\":\"https:\/\/obstare.com\/wp-content\/uploads\/2021\/01\/Abrazar-la-muerte-cuando-se-espera-la-vida.jpg\",\"width\":1620,\"height\":1620,\"caption\":\"Abrazar la muerte cuando se espera la vida\"},{\"@type\":\"WebPage\",\"@id\":\"https:\/\/obstare.com\/en\/postpartum-and-newborn-care\/abrazar-la-muerte-cuando-se-espera-la-vida\/#webpage\",\"url\":\"https:\/\/obstare.com\/en\/postpartum-and-newborn-care\/abrazar-la-muerte-cuando-se-espera-la-vida\/\",\"name\":\"Abrazar la muerte cuando se espera la vida - OB Stare\",\"isPartOf\":{\"@id\":\"https:\/\/obstare.com\/#website\"},\"primaryImageOfPage\":{\"@id\":\"https:\/\/obstare.com\/en\/postpartum-and-newborn-care\/abrazar-la-muerte-cuando-se-espera-la-vida\/#primaryimage\"},\"datePublished\":\"2021-01-04T11:43:30+00:00\",\"dateModified\":\"2021-06-24T11:25:48+00:00\",\"breadcrumb\":{\"@id\":\"https:\/\/obstare.com\/en\/postpartum-and-newborn-care\/abrazar-la-muerte-cuando-se-espera-la-vida\/#breadcrumb\"},\"inLanguage\":\"en-US\",\"potentialAction\":[{\"@type\":\"ReadAction\",\"target\":[\"https:\/\/obstare.com\/en\/postpartum-and-newborn-care\/abrazar-la-muerte-cuando-se-espera-la-vida\/\"]}]},{\"@type\":\"BreadcrumbList\",\"@id\":\"https:\/\/obstare.com\/en\/postpartum-and-newborn-care\/abrazar-la-muerte-cuando-se-espera-la-vida\/#breadcrumb\",\"itemListElement\":[{\"@type\":\"ListItem\",\"position\":1,\"item\":{\"@type\":\"WebPage\",\"@id\":\"https:\/\/obstare.com\/en\/\",\"url\":\"https:\/\/obstare.com\/en\/\",\"name\":\"Portada\"}},{\"@type\":\"ListItem\",\"position\":2,\"item\":{\"@type\":\"WebPage\",\"@id\":\"https:\/\/obstare.com\/en\/catalog\/\",\"url\":\"https:\/\/obstare.com\/en\/catalog\/\",\"name\":\"Catalog\"}},{\"@type\":\"ListItem\",\"position\":3,\"item\":{\"@id\":\"https:\/\/obstare.com\/en\/postpartum-and-newborn-care\/abrazar-la-muerte-cuando-se-espera-la-vida\/#webpage\"}}]}]}<\/script>\n<!-- \/ Yoast SEO plugin. -->","_links":{"self":[{"href":"https:\/\/obstare.com\/en\/wp-json\/wp\/v2\/product\/7713"}],"collection":[{"href":"https:\/\/obstare.com\/en\/wp-json\/wp\/v2\/product"}],"about":[{"href":"https:\/\/obstare.com\/en\/wp-json\/wp\/v2\/types\/product"}],"replies":[{"embeddable":true,"href":"https:\/\/obstare.com\/en\/wp-json\/wp\/v2\/comments?post=7713"}],"wp:featuredmedia":[{"embeddable":true,"href":"https:\/\/obstare.com\/en\/wp-json\/wp\/v2\/media\/7540"}],"wp:attachment":[{"href":"https:\/\/obstare.com\/en\/wp-json\/wp\/v2\/media?parent=7713"}],"curies":[{"name":"wp","href":"https:\/\/api.w.org\/{rel}","templated":true}]}}