{"id":7635,"date":"2021-01-05T10:35:11","date_gmt":"2021-01-05T10:35:11","guid":{"rendered":"https:\/\/dev.obstare.com\/uncategorized\/mama-nido-mama-cuna-mama-teta-mama-luna\/"},"modified":"2022-06-10T19:04:33","modified_gmt":"2022-06-10T19:04:33","slug":"mama-nido-mama-cuna-mama-teta-mama-luna","status":"publish","type":"product","link":"https:\/\/obstare.com\/en\/childrens-book\/mama-nido-mama-cuna-mama-teta-mama-luna\/","title":{"rendered":"Mam\u00e1 nido, mam\u00e1 cuna, mam\u00e1 teta, mam\u00e1 luna"},"content":{"rendered":"<p>Guess who&#8217;s in there? Beautiful black and white drawings show us the process of pregnancy, childbirth and the beginning of breastfeeding, with special emphasis on the bond between baby and mother.<\/p>\n","protected":false},"excerpt":{"rendered":"<table class=\"custom-table-variations-description-product\" cellspacing=\"0\">\n<tbody>\n<tr>\n<td><span class=\"attr-name-custom-table-variations-description-product attr-name-custom-table-variations-description-product-author\">Author<\/span><\/td>\n<td><span class=\"attr-value-custom-table-variations-description-product attr-value-custom-table-variations-description-product-author\"><a href=\"https:\/\/obstare.com\/en\/book-author\/gloria-lizano\/\" target=\"_blank\" rel=\"noopener\">Gloria Lizano<\/a><\/span><\/td>\n<\/tr>\n<tr>\n<td><span class=\"attr-name-custom-table-variations-description-product\">Illustrations<\/span><\/td>\n<td><span class=\"attr-value-custom-table-variations-description-product\">Gloria Lizano<\/span><\/td>\n<\/tr>\n<tr>\n<td><span class=\"attr-name-custom-table-variations-description-product\">Pages<\/span><\/td>\n<td><span class=\"attr-value-custom-table-variations-description-product\">28<\/span><\/td>\n<\/tr>\n<tr>\n<td><span class=\"attr-name-custom-table-variations-description-product\">Booktrailer<\/span><\/td>\n<td><span class=\"attr-value-custom-table-variations-description-product\">\u00a0<a href=\"https:\/\/www.youtube.com\/watch?v=AGq0XPxMHNY\" target=\"_blank\" rel=\"noopener\">Watch video<\/a><\/span><\/td>\n<\/tr>\n<tr>\n<td><span class=\"attr-name-custom-table-variations-description-product\">Year<\/span><\/td>\n<td><span class=\"attr-value-custom-table-variations-description-product\">2017<\/span><\/td>\n<\/tr>\n<tr>\n<td><span class=\"attr-name-custom-table-variations-description-product\">Bookbinding<\/span><\/td>\n<td><span class=\"attr-value-custom-table-variations-description-product\">Hard cover<\/span><\/td>\n<\/tr>\n<tr>\n<td><span class=\"attr-name-custom-table-variations-description-product\">Format<\/span><\/td>\n<td><span class=\"attr-value-custom-table-variations-description-product\">180 x 180 mm.<\/span><\/td>\n<\/tr>\n<tr>\n<td><span class=\"attr-name-custom-table-variations-description-product\">Flap<\/span><\/td>\n<td><span class=\"attr-value-custom-table-variations-description-product\">No<\/span><\/td>\n<\/tr>\n<\/tbody>\n<\/table>\n","protected":false},"featured_media":8706,"comment_status":"open","ping_status":"closed","template":"","meta":[],"yoast_head":"<!-- This site is optimized with the Yoast SEO plugin v16.4 - https:\/\/yoast.com\/wordpress\/plugins\/seo\/ -->\n<title>Mam\u00e1 nido, mam\u00e1 cuna, mam\u00e1 teta, mam\u00e1 luna - OB Stare<\/title>\n<meta name=\"robots\" content=\"index, follow, max-snippet:-1, max-image-preview:large, max-video-preview:-1\" \/>\n<link rel=\"canonical\" href=\"https:\/\/obstare.com\/en\/childrens-book\/mama-nido-mama-cuna-mama-teta-mama-luna\/\" \/>\n<meta property=\"og:locale\" content=\"en_US\" \/>\n<meta property=\"og:type\" content=\"article\" \/>\n<meta property=\"og:title\" content=\"Mam\u00e1 nido, mam\u00e1 cuna, mam\u00e1 teta, mam\u00e1 luna - OB Stare\" \/>\n<meta property=\"og:description\" content=\"Author Gloria Lizano   Illustrations Gloria Lizano   Pages 28   Booktrailer \u00a0Watch video   Year 2017   Bookbinding Hard cover   Format 180 x 180 mm.   Flap No\" \/>\n<meta property=\"og:url\" content=\"https:\/\/obstare.com\/en\/childrens-book\/mama-nido-mama-cuna-mama-teta-mama-luna\/\" \/>\n<meta property=\"og:site_name\" content=\"OB Stare\" \/>\n<meta property=\"article:modified_time\" content=\"2022-06-10T19:04:33+00:00\" \/>\n<meta property=\"og:image\" content=\"https:\/\/obstare.com\/wp-content\/uploads\/2021\/01\/Mama\u0301Nido.jpg\" \/>\n\t<meta property=\"og:image:width\" content=\"2233\" \/>\n\t<meta property=\"og:image:height\" content=\"2127\" \/>\n<meta name=\"twitter:card\" content=\"summary_large_image\" \/>\n<script type=\"application\/ld+json\" class=\"yoast-schema-graph\">{\"@context\":\"https:\/\/schema.org\",\"@graph\":[{\"@type\":\"WebSite\",\"@id\":\"https:\/\/obstare.com\/#website\",\"url\":\"https:\/\/obstare.com\/\",\"name\":\"OB Stare\",\"description\":\"Editorial OB Stare\",\"potentialAction\":[{\"@type\":\"SearchAction\",\"target\":\"https:\/\/obstare.com\/?s={search_term_string}\",\"query-input\":\"required name=search_term_string\"}],\"inLanguage\":\"en-US\"},{\"@type\":\"ImageObject\",\"@id\":\"https:\/\/obstare.com\/en\/childrens-book\/mama-nido-mama-cuna-mama-teta-mama-luna\/#primaryimage\",\"inLanguage\":\"en-US\",\"url\":\"https:\/\/obstare.com\/wp-content\/uploads\/2021\/01\/Mama_nido.jpg\",\"contentUrl\":\"https:\/\/obstare.com\/wp-content\/uploads\/2021\/01\/Mama_nido.jpg\",\"width\":1260,\"height\":1260,\"caption\":\"Mam\\u00e1 nido, mam\\u00e1 cuna, mam\\u00e1 teta, mam\\u00e1 luna\"},{\"@type\":\"WebPage\",\"@id\":\"https:\/\/obstare.com\/en\/childrens-book\/mama-nido-mama-cuna-mama-teta-mama-luna\/#webpage\",\"url\":\"https:\/\/obstare.com\/en\/childrens-book\/mama-nido-mama-cuna-mama-teta-mama-luna\/\",\"name\":\"Mam\\u00e1 nido, mam\\u00e1 cuna, mam\\u00e1 teta, mam\\u00e1 luna - OB Stare\",\"isPartOf\":{\"@id\":\"https:\/\/obstare.com\/#website\"},\"primaryImageOfPage\":{\"@id\":\"https:\/\/obstare.com\/en\/childrens-book\/mama-nido-mama-cuna-mama-teta-mama-luna\/#primaryimage\"},\"datePublished\":\"2021-01-05T10:35:11+00:00\",\"dateModified\":\"2022-06-10T19:04:33+00:00\",\"breadcrumb\":{\"@id\":\"https:\/\/obstare.com\/en\/childrens-book\/mama-nido-mama-cuna-mama-teta-mama-luna\/#breadcrumb\"},\"inLanguage\":\"en-US\",\"potentialAction\":[{\"@type\":\"ReadAction\",\"target\":[\"https:\/\/obstare.com\/en\/childrens-book\/mama-nido-mama-cuna-mama-teta-mama-luna\/\"]}]},{\"@type\":\"BreadcrumbList\",\"@id\":\"https:\/\/obstare.com\/en\/childrens-book\/mama-nido-mama-cuna-mama-teta-mama-luna\/#breadcrumb\",\"itemListElement\":[{\"@type\":\"ListItem\",\"position\":1,\"item\":{\"@type\":\"WebPage\",\"@id\":\"https:\/\/obstare.com\/en\/\",\"url\":\"https:\/\/obstare.com\/en\/\",\"name\":\"Portada\"}},{\"@type\":\"ListItem\",\"position\":2,\"item\":{\"@type\":\"WebPage\",\"@id\":\"https:\/\/obstare.com\/en\/catalog\/\",\"url\":\"https:\/\/obstare.com\/en\/catalog\/\",\"name\":\"Catalog\"}},{\"@type\":\"ListItem\",\"position\":3,\"item\":{\"@id\":\"https:\/\/obstare.com\/en\/childrens-book\/mama-nido-mama-cuna-mama-teta-mama-luna\/#webpage\"}}]}]}<\/script>\n<!-- \/ Yoast SEO plugin. -->","_links":{"self":[{"href":"https:\/\/obstare.com\/en\/wp-json\/wp\/v2\/product\/7635"}],"collection":[{"href":"https:\/\/obstare.com\/en\/wp-json\/wp\/v2\/product"}],"about":[{"href":"https:\/\/obstare.com\/en\/wp-json\/wp\/v2\/types\/product"}],"replies":[{"embeddable":true,"href":"https:\/\/obstare.com\/en\/wp-json\/wp\/v2\/comments?post=7635"}],"wp:featuredmedia":[{"embeddable":true,"href":"https:\/\/obstare.com\/en\/wp-json\/wp\/v2\/media\/8706"}],"wp:attachment":[{"href":"https:\/\/obstare.com\/en\/wp-json\/wp\/v2\/media?parent=7635"}],"curies":[{"name":"wp","href":"https:\/\/api.w.org\/{rel}","templated":true}]}}