{"id":7616,"date":"2021-01-05T11:48:13","date_gmt":"2021-01-05T11:48:13","guid":{"rendered":"https:\/\/dev.obstare.com\/uncategorized\/una-nueva-maternidad\/"},"modified":"2021-02-09T08:11:31","modified_gmt":"2021-02-09T08:11:31","slug":"una-nueva-maternidad","status":"publish","type":"product","link":"https:\/\/obstare.com\/en\/pregnancy\/una-nueva-maternidad\/","title":{"rendered":"Una nueva maternidad"},"content":{"rendered":"<p>The fifteen women who have come together for this project met through the network, sharing points of view through &#8220;laTribu 2.0&#8221; which has enriched us mutually. It is perhaps the first book on parenting written not by psychologists or pediatricians or gurus but by mothers who reflect, study and work while raising and nurturing our children with the love, respect and co-responsibility of our partners. The massive incorporation of women into paid work is possibly one of the most important changes in the history of mankind. It is logical that, as a result of this phenomenon, the work, family, productive and emotional landscape of society as a whole has changed. However, the impact of this change on the upbringing and education of children has been little studied. The measures we have come to call &#8220;conciliation&#8221; are timid, and the real willingness of society to change profoundly to adapt to the new needs of families and children seems scarce. Parenting has thus been convulsed in two apparently inverse but complementary directions: women&#8217;s exit into the labor market and women&#8217;s access to knowledge of their sexuality, the functioning of their bodies, conception, gestation, childbirth, breastfeeding, etc. Motherhood has changed, as has the very life of women who have arrived at the contemporary world, feeling masters of our destinies and our bodies and immersed in family and work models that are very different from traditional roles. If the first feminisms fought for the incorporation of women into the workplace and for the recognition of our rights to equality between the sexes, today, although we still have to fight against many forms of discrimination, we are beginning to realize that real equality is only possible when our rights to difference, respect for the peculiarities of our reproductive cycle, and respect for the rights of babies and children are respected.<\/p>\n","protected":false},"excerpt":{"rendered":"<table class=\"custom-table-variations-description-product\" cellspacing=\"0\">\n<tbody>\n<tr>\n<td><span class=\"attr-name-custom-table-variations-description-product attr-name-custom-table-variations-description-product-author\">Author<\/span><\/td>\n<td><span class=\"attr-value-custom-table-variations-description-product attr-value-custom-table-variations-description-product-author\"><a href=\"https:\/\/obstare.com\/en\/book-author\/azucena-alfonsin\/\" target=\"_blank\" rel=\"noopener\">Azucena Alfons\u00edn<\/a>, <a href=\"https:\/\/obstare.com\/en\/book-author\/carolina-garcinuno\/\" target=\"_blank\" rel=\"noopener\">Carolina Garcinu\u00f1o<\/a>, <a href=\"https:\/\/obstare.com\/en\/book-author\/erika-irusta\/\" target=\"_blank\" rel=\"noopener\">Erika Irusta<\/a>, VV. AA<\/span><\/td>\n<\/tr>\n<tr>\n<td><span class=\"attr-name-custom-table-variations-description-product\">Prologue by:<\/span><\/td>\n<td><span class=\"attr-value-custom-table-variations-description-product\">Rosa Jov\u00e9<\/span><\/td>\n<\/tr>\n<tr>\n<td><span class=\"attr-name-custom-table-variations-description-product\">Pages<\/span><\/td>\n<td><span class=\"attr-value-custom-table-variations-description-product\">260<\/span><\/td>\n<\/tr>\n<tr>\n<td><span class=\"attr-name-custom-table-variations-description-product\">Year<\/span><\/td>\n<td><span class=\"attr-value-custom-table-variations-description-product\">2011<\/span><\/td>\n<\/tr>\n<tr>\n<td><span class=\"attr-name-custom-table-variations-description-product\">Bookbinding<\/span><\/td>\n<td><span class=\"attr-value-custom-table-variations-description-product\">Soft cover<\/span><\/td>\n<\/tr>\n<tr>\n<td><span class=\"attr-name-custom-table-variations-description-product\">Color<\/span><\/td>\n<td><span class=\"attr-value-custom-table-variations-description-product\">Black and white<\/span><\/td>\n<\/tr>\n<tr>\n<td><span class=\"attr-name-custom-table-variations-description-product\">Format<\/span><\/td>\n<td><span class=\"attr-value-custom-table-variations-description-product\">150 x 210 mm.<\/span><\/td>\n<\/tr>\n<tr>\n<td><span class=\"attr-name-custom-table-variations-description-product\">Flap<\/span><\/td>\n<td><span class=\"attr-value-custom-table-variations-description-product\">Yes<\/span><\/td>\n<\/tr>\n<\/tbody>\n<\/table>\n","protected":false},"featured_media":8655,"comment_status":"open","ping_status":"closed","template":"","meta":[],"yoast_head":"<!-- This site is optimized with the Yoast SEO plugin v16.4 - https:\/\/yoast.com\/wordpress\/plugins\/seo\/ -->\n<title>Una nueva maternidad - OB Stare<\/title>\n<meta name=\"robots\" content=\"index, follow, max-snippet:-1, max-image-preview:large, max-video-preview:-1\" \/>\n<link rel=\"canonical\" href=\"https:\/\/obstare.com\/en\/pregnancy\/una-nueva-maternidad\/\" \/>\n<meta property=\"og:locale\" content=\"en_US\" \/>\n<meta property=\"og:type\" content=\"article\" \/>\n<meta property=\"og:title\" content=\"Una nueva maternidad - OB Stare\" \/>\n<meta property=\"og:description\" content=\"Author Azucena Alfons\u00edn, Carolina Garcinu\u00f1o, Erika Irusta, VV. AA   Prologue by: Rosa Jov\u00e9   Pages 260   Year 2011   Bookbinding Soft cover   Color Black and white   Format 150 x 210 mm.   Flap Yes\" \/>\n<meta property=\"og:url\" content=\"https:\/\/obstare.com\/en\/pregnancy\/una-nueva-maternidad\/\" \/>\n<meta property=\"og:site_name\" content=\"OB Stare\" \/>\n<meta property=\"article:modified_time\" content=\"2021-02-09T08:11:31+00:00\" \/>\n<meta property=\"og:image\" content=\"https:\/\/obstare.com\/wp-content\/uploads\/2021\/01\/UnaNuevaMaternidad.jpg\" \/>\n\t<meta property=\"og:image:width\" content=\"1949\" \/>\n\t<meta property=\"og:image:height\" content=\"2528\" \/>\n<meta name=\"twitter:card\" content=\"summary_large_image\" \/>\n<meta name=\"twitter:label1\" content=\"Est. reading time\" \/>\n\t<meta name=\"twitter:data1\" content=\"2 minutes\" \/>\n<script type=\"application\/ld+json\" class=\"yoast-schema-graph\">{\"@context\":\"https:\/\/schema.org\",\"@graph\":[{\"@type\":\"WebSite\",\"@id\":\"https:\/\/obstare.com\/#website\",\"url\":\"https:\/\/obstare.com\/\",\"name\":\"OB Stare\",\"description\":\"Editorial OB Stare\",\"potentialAction\":[{\"@type\":\"SearchAction\",\"target\":\"https:\/\/obstare.com\/?s={search_term_string}\",\"query-input\":\"required name=search_term_string\"}],\"inLanguage\":\"en-US\"},{\"@type\":\"ImageObject\",\"@id\":\"https:\/\/obstare.com\/en\/pregnancy\/una-nueva-maternidad\/#primaryimage\",\"inLanguage\":\"en-US\",\"url\":\"https:\/\/obstare.com\/wp-content\/uploads\/2021\/01\/Una-nueva-maternidad.jpg\",\"contentUrl\":\"https:\/\/obstare.com\/wp-content\/uploads\/2021\/01\/Una-nueva-maternidad.jpg\",\"width\":1200,\"height\":1681,\"caption\":\"Una nueva maternidad\"},{\"@type\":\"WebPage\",\"@id\":\"https:\/\/obstare.com\/en\/pregnancy\/una-nueva-maternidad\/#webpage\",\"url\":\"https:\/\/obstare.com\/en\/pregnancy\/una-nueva-maternidad\/\",\"name\":\"Una nueva maternidad - OB Stare\",\"isPartOf\":{\"@id\":\"https:\/\/obstare.com\/#website\"},\"primaryImageOfPage\":{\"@id\":\"https:\/\/obstare.com\/en\/pregnancy\/una-nueva-maternidad\/#primaryimage\"},\"datePublished\":\"2021-01-05T11:48:13+00:00\",\"dateModified\":\"2021-02-09T08:11:31+00:00\",\"breadcrumb\":{\"@id\":\"https:\/\/obstare.com\/en\/pregnancy\/una-nueva-maternidad\/#breadcrumb\"},\"inLanguage\":\"en-US\",\"potentialAction\":[{\"@type\":\"ReadAction\",\"target\":[\"https:\/\/obstare.com\/en\/pregnancy\/una-nueva-maternidad\/\"]}]},{\"@type\":\"BreadcrumbList\",\"@id\":\"https:\/\/obstare.com\/en\/pregnancy\/una-nueva-maternidad\/#breadcrumb\",\"itemListElement\":[{\"@type\":\"ListItem\",\"position\":1,\"item\":{\"@type\":\"WebPage\",\"@id\":\"https:\/\/obstare.com\/en\/\",\"url\":\"https:\/\/obstare.com\/en\/\",\"name\":\"Portada\"}},{\"@type\":\"ListItem\",\"position\":2,\"item\":{\"@type\":\"WebPage\",\"@id\":\"https:\/\/obstare.com\/en\/catalog\/\",\"url\":\"https:\/\/obstare.com\/en\/catalog\/\",\"name\":\"Catalog\"}},{\"@type\":\"ListItem\",\"position\":3,\"item\":{\"@id\":\"https:\/\/obstare.com\/en\/pregnancy\/una-nueva-maternidad\/#webpage\"}}]}]}<\/script>\n<!-- \/ Yoast SEO plugin. -->","_links":{"self":[{"href":"https:\/\/obstare.com\/en\/wp-json\/wp\/v2\/product\/7616"}],"collection":[{"href":"https:\/\/obstare.com\/en\/wp-json\/wp\/v2\/product"}],"about":[{"href":"https:\/\/obstare.com\/en\/wp-json\/wp\/v2\/types\/product"}],"replies":[{"embeddable":true,"href":"https:\/\/obstare.com\/en\/wp-json\/wp\/v2\/comments?post=7616"}],"wp:featuredmedia":[{"embeddable":true,"href":"https:\/\/obstare.com\/en\/wp-json\/wp\/v2\/media\/8655"}],"wp:attachment":[{"href":"https:\/\/obstare.com\/en\/wp-json\/wp\/v2\/media?parent=7616"}],"curies":[{"name":"wp","href":"https:\/\/api.w.org\/{rel}","templated":true}]}}