{"id":11209,"date":"2023-03-20T08:21:58","date_gmt":"2023-03-20T08:21:58","guid":{"rendered":"https:\/\/obstare.com\/uncategorized\/pregnancys-book\/"},"modified":"2023-03-20T08:21:58","modified_gmt":"2023-03-20T08:21:58","slug":"pregnancys-book","status":"publish","type":"product","link":"https:\/\/obstare.com\/en\/pregnancy\/pregnancys-book\/","title":{"rendered":"Pregnancy&#8217;s Book"},"content":{"rendered":"<p><strong>Antes de que finalmente conozcas a tu beb\u00e9, pasar\u00e1s nueve meses conociendo a tu barriga que va creciendo.<\/strong><\/p>\n<p><em>El libro del embarazo<\/em>, que es el primer diario sobre la gestaci\u00f3n dedicado totalmente a ti y a tu vientre, est\u00e1 organizado por trimestres e incluye p\u00e1ginas para fotos a intervalos de tiempo de tu barriga y de las ecograf\u00edas, adem\u00e1s de entradas para escribir sobre las n\u00e1useas matutinas, los antojos, la ropa de premam\u00e1 que nunca m\u00e1s querr\u00e1s volver a ver y muchas cosas m\u00e1s.<\/p>\n","protected":false},"excerpt":{"rendered":"<p>Antes de que finalmente conozcas a tu beb\u00e9, pasar\u00e1s nueve meses conociendo a tu barriga que va creciendo. El libro<\/p>\n","protected":false},"featured_media":11185,"comment_status":"open","ping_status":"closed","template":"","meta":[],"yoast_head":"<!-- This site is optimized with the Yoast SEO plugin v16.4 - https:\/\/yoast.com\/wordpress\/plugins\/seo\/ -->\n<title>Pregnancy&#039;s Book - OB Stare<\/title>\n<meta name=\"robots\" content=\"index, follow, max-snippet:-1, max-image-preview:large, max-video-preview:-1\" \/>\n<link rel=\"canonical\" href=\"https:\/\/obstare.com\/en\/uncategorized\/pregnancys-book\/\" \/>\n<meta property=\"og:locale\" content=\"en_US\" \/>\n<meta property=\"og:type\" content=\"article\" \/>\n<meta property=\"og:title\" content=\"Pregnancy&#039;s Book - OB Stare\" \/>\n<meta property=\"og:description\" content=\"Antes de que finalmente conozcas a tu beb\u00e9, pasar\u00e1s nueve meses conociendo a tu barriga que va creciendo. El libro\" \/>\n<meta property=\"og:url\" content=\"https:\/\/obstare.com\/en\/uncategorized\/pregnancys-book\/\" \/>\n<meta property=\"og:site_name\" content=\"OB Stare\" \/>\n<meta property=\"og:image\" content=\"https:\/\/obstare.com\/wp-content\/uploads\/2023\/03\/El-libro-del-embarazo-scaled.jpg\" \/>\n\t<meta property=\"og:image:width\" content=\"2478\" \/>\n\t<meta property=\"og:image:height\" content=\"2560\" \/>\n<meta name=\"twitter:card\" content=\"summary_large_image\" \/>\n<script type=\"application\/ld+json\" class=\"yoast-schema-graph\">{\"@context\":\"https:\/\/schema.org\",\"@graph\":[{\"@type\":\"WebSite\",\"@id\":\"https:\/\/obstare.com\/#website\",\"url\":\"https:\/\/obstare.com\/\",\"name\":\"OB Stare\",\"description\":\"Editorial OB Stare\",\"potentialAction\":[{\"@type\":\"SearchAction\",\"target\":\"https:\/\/obstare.com\/?s={search_term_string}\",\"query-input\":\"required name=search_term_string\"}],\"inLanguage\":\"en-US\"},{\"@type\":\"ImageObject\",\"@id\":\"https:\/\/obstare.com\/en\/uncategorized\/pregnancys-book\/#primaryimage\",\"inLanguage\":\"en-US\",\"url\":\"https:\/\/obstare.com\/wp-content\/uploads\/2023\/03\/El-libro-del-embarazo-scaled.jpg\",\"contentUrl\":\"https:\/\/obstare.com\/wp-content\/uploads\/2023\/03\/El-libro-del-embarazo-scaled.jpg\",\"width\":2478,\"height\":2560},{\"@type\":\"WebPage\",\"@id\":\"https:\/\/obstare.com\/en\/uncategorized\/pregnancys-book\/#webpage\",\"url\":\"https:\/\/obstare.com\/en\/uncategorized\/pregnancys-book\/\",\"name\":\"Pregnancy's Book - OB Stare\",\"isPartOf\":{\"@id\":\"https:\/\/obstare.com\/#website\"},\"primaryImageOfPage\":{\"@id\":\"https:\/\/obstare.com\/en\/uncategorized\/pregnancys-book\/#primaryimage\"},\"datePublished\":\"2023-03-20T08:21:58+00:00\",\"dateModified\":\"2023-03-20T08:21:58+00:00\",\"breadcrumb\":{\"@id\":\"https:\/\/obstare.com\/en\/uncategorized\/pregnancys-book\/#breadcrumb\"},\"inLanguage\":\"en-US\",\"potentialAction\":[{\"@type\":\"ReadAction\",\"target\":[\"https:\/\/obstare.com\/en\/uncategorized\/pregnancys-book\/\"]}]},{\"@type\":\"BreadcrumbList\",\"@id\":\"https:\/\/obstare.com\/en\/uncategorized\/pregnancys-book\/#breadcrumb\",\"itemListElement\":[{\"@type\":\"ListItem\",\"position\":1,\"item\":{\"@type\":\"WebPage\",\"@id\":\"https:\/\/obstare.com\/en\/\",\"url\":\"https:\/\/obstare.com\/en\/\",\"name\":\"Portada\"}},{\"@type\":\"ListItem\",\"position\":2,\"item\":{\"@type\":\"WebPage\",\"@id\":\"https:\/\/obstare.com\/en\/catalog\/\",\"url\":\"https:\/\/obstare.com\/en\/catalog\/\",\"name\":\"Catalog\"}},{\"@type\":\"ListItem\",\"position\":3,\"item\":{\"@id\":\"https:\/\/obstare.com\/en\/uncategorized\/pregnancys-book\/#webpage\"}}]}]}<\/script>\n<!-- \/ Yoast SEO plugin. -->","_links":{"self":[{"href":"https:\/\/obstare.com\/en\/wp-json\/wp\/v2\/product\/11209"}],"collection":[{"href":"https:\/\/obstare.com\/en\/wp-json\/wp\/v2\/product"}],"about":[{"href":"https:\/\/obstare.com\/en\/wp-json\/wp\/v2\/types\/product"}],"replies":[{"embeddable":true,"href":"https:\/\/obstare.com\/en\/wp-json\/wp\/v2\/comments?post=11209"}],"wp:featuredmedia":[{"embeddable":true,"href":"https:\/\/obstare.com\/en\/wp-json\/wp\/v2\/media\/11185"}],"wp:attachment":[{"href":"https:\/\/obstare.com\/en\/wp-json\/wp\/v2\/media?parent=11209"}],"curies":[{"name":"wp","href":"https:\/\/api.w.org\/{rel}","templated":true}]}}