{"id":11086,"date":"2023-01-23T08:31:37","date_gmt":"2023-01-23T08:31:37","guid":{"rendered":"https:\/\/obstare.com\/uncategorized\/todo-sobre-la-regla\/"},"modified":"2023-01-23T08:39:54","modified_gmt":"2023-01-23T08:39:54","slug":"todo-sobre-la-regla","status":"publish","type":"product","link":"https:\/\/obstare.com\/en\/education\/todo-sobre-la-regla\/","title":{"rendered":"Todo sobre la regla"},"content":{"rendered":"<p><strong>\u00a1Bienvenida al extraordinario mundo de la regla!<\/strong><\/p>\n<p>Este libro est\u00e1 pensado para responder a todas las preguntas que puedan hacerse las chicas y las mujeres, pero tambi\u00e9n los chicos y los hombres, porque la regla es una cuesti\u00f3n social.<\/p>\n<p>\u00a1No es un tab\u00fa tener la regla! Deber\u00edamos poder hablar de ello f\u00e1cilmente con los amigos, la familia o en la escuela, sin sentir verg\u00fcenza. No te asustes, puede parecer desalentador al principio, pero te lo explicaremos todo.<\/p>\n","protected":false},"excerpt":{"rendered":"<table>\n<tbody>\n<tr>\n<td>Autor\u00eda<\/td>\n<td><a href=\"https:\/\/obstare.com\/autor-libro\/anna-roy\/\">Anna Roy<\/a> y <a href=\"https:\/\/obstare.com\/autor-libro\/mademoiselle-caroline\/\">Mademoiselle Caroline <\/a><\/td>\n<\/tr>\n<tr>\n<td>P\u00e1ginas<\/td>\n<td>96<\/td>\n<\/tr>\n<tr>\n<td>A\u00f1o<\/td>\n<td>2023<\/td>\n<\/tr>\n<tr>\n<td>Encuadernaci\u00f3n<\/td>\n<td>Tapa Dura<\/td>\n<\/tr>\n<tr>\n<td>Formato<\/td>\n<td>16 x 22\u00a0 mm<\/td>\n<\/tr>\n<\/tbody>\n<\/table>\n","protected":false},"featured_media":11085,"comment_status":"open","ping_status":"closed","template":"","meta":[],"yoast_head":"<!-- This site is optimized with the Yoast SEO plugin v16.4 - https:\/\/yoast.com\/wordpress\/plugins\/seo\/ -->\n<title>Todo sobre la regla - OB Stare<\/title>\n<meta name=\"robots\" content=\"index, follow, max-snippet:-1, max-image-preview:large, max-video-preview:-1\" \/>\n<link rel=\"canonical\" href=\"https:\/\/obstare.com\/en\/education\/todo-sobre-la-regla\/\" \/>\n<meta property=\"og:locale\" content=\"en_US\" \/>\n<meta property=\"og:type\" content=\"article\" \/>\n<meta property=\"og:title\" content=\"Todo sobre la regla - OB Stare\" \/>\n<meta property=\"og:description\" content=\"Autor\u00eda Anna Roy y Mademoiselle Caroline    P\u00e1ginas 96   A\u00f1o 2023   Encuadernaci\u00f3n Tapa Dura   Formato 16 x 22\u00a0 mm\" \/>\n<meta property=\"og:url\" content=\"https:\/\/obstare.com\/en\/education\/todo-sobre-la-regla\/\" \/>\n<meta property=\"og:site_name\" content=\"OB Stare\" \/>\n<meta property=\"article:modified_time\" content=\"2023-01-23T08:39:54+00:00\" \/>\n<meta property=\"og:image\" content=\"https:\/\/obstare.com\/wp-content\/uploads\/2023\/01\/Todo-sobre-la-regla_OB-STARE.jpg\" \/>\n\t<meta property=\"og:image:width\" content=\"655\" \/>\n\t<meta property=\"og:image:height\" content=\"889\" \/>\n<meta name=\"twitter:card\" content=\"summary_large_image\" \/>\n<script type=\"application\/ld+json\" class=\"yoast-schema-graph\">{\"@context\":\"https:\/\/schema.org\",\"@graph\":[{\"@type\":\"WebSite\",\"@id\":\"https:\/\/obstare.com\/#website\",\"url\":\"https:\/\/obstare.com\/\",\"name\":\"OB Stare\",\"description\":\"Editorial OB Stare\",\"potentialAction\":[{\"@type\":\"SearchAction\",\"target\":\"https:\/\/obstare.com\/?s={search_term_string}\",\"query-input\":\"required name=search_term_string\"}],\"inLanguage\":\"en-US\"},{\"@type\":\"ImageObject\",\"@id\":\"https:\/\/obstare.com\/en\/education\/todo-sobre-la-regla\/#primaryimage\",\"inLanguage\":\"en-US\",\"url\":\"https:\/\/obstare.com\/wp-content\/uploads\/2023\/01\/Todo-sobre-la-regla_OB-STARE.jpg\",\"contentUrl\":\"https:\/\/obstare.com\/wp-content\/uploads\/2023\/01\/Todo-sobre-la-regla_OB-STARE.jpg\",\"width\":655,\"height\":889},{\"@type\":\"WebPage\",\"@id\":\"https:\/\/obstare.com\/en\/education\/todo-sobre-la-regla\/#webpage\",\"url\":\"https:\/\/obstare.com\/en\/education\/todo-sobre-la-regla\/\",\"name\":\"Todo sobre la regla - OB Stare\",\"isPartOf\":{\"@id\":\"https:\/\/obstare.com\/#website\"},\"primaryImageOfPage\":{\"@id\":\"https:\/\/obstare.com\/en\/education\/todo-sobre-la-regla\/#primaryimage\"},\"datePublished\":\"2023-01-23T08:31:37+00:00\",\"dateModified\":\"2023-01-23T08:39:54+00:00\",\"breadcrumb\":{\"@id\":\"https:\/\/obstare.com\/en\/education\/todo-sobre-la-regla\/#breadcrumb\"},\"inLanguage\":\"en-US\",\"potentialAction\":[{\"@type\":\"ReadAction\",\"target\":[\"https:\/\/obstare.com\/en\/education\/todo-sobre-la-regla\/\"]}]},{\"@type\":\"BreadcrumbList\",\"@id\":\"https:\/\/obstare.com\/en\/education\/todo-sobre-la-regla\/#breadcrumb\",\"itemListElement\":[{\"@type\":\"ListItem\",\"position\":1,\"item\":{\"@type\":\"WebPage\",\"@id\":\"https:\/\/obstare.com\/en\/\",\"url\":\"https:\/\/obstare.com\/en\/\",\"name\":\"Portada\"}},{\"@type\":\"ListItem\",\"position\":2,\"item\":{\"@type\":\"WebPage\",\"@id\":\"https:\/\/obstare.com\/en\/catalog\/\",\"url\":\"https:\/\/obstare.com\/en\/catalog\/\",\"name\":\"Catalog\"}},{\"@type\":\"ListItem\",\"position\":3,\"item\":{\"@id\":\"https:\/\/obstare.com\/en\/education\/todo-sobre-la-regla\/#webpage\"}}]}]}<\/script>\n<!-- \/ Yoast SEO plugin. -->","_links":{"self":[{"href":"https:\/\/obstare.com\/en\/wp-json\/wp\/v2\/product\/11086"}],"collection":[{"href":"https:\/\/obstare.com\/en\/wp-json\/wp\/v2\/product"}],"about":[{"href":"https:\/\/obstare.com\/en\/wp-json\/wp\/v2\/types\/product"}],"replies":[{"embeddable":true,"href":"https:\/\/obstare.com\/en\/wp-json\/wp\/v2\/comments?post=11086"}],"wp:featuredmedia":[{"embeddable":true,"href":"https:\/\/obstare.com\/en\/wp-json\/wp\/v2\/media\/11085"}],"wp:attachment":[{"href":"https:\/\/obstare.com\/en\/wp-json\/wp\/v2\/media?parent=11086"}],"curies":[{"name":"wp","href":"https:\/\/api.w.org\/{rel}","templated":true}]}}