{"id":10968,"date":"2022-10-24T10:45:55","date_gmt":"2022-10-24T10:45:55","guid":{"rendered":"https:\/\/obstare.com\/uncategorized\/twenty-things-adopted-children-would-like-their-adoptive-parents-to-know\/"},"modified":"2022-11-10T08:12:43","modified_gmt":"2022-11-10T08:12:43","slug":"veinte-cosas-que-los-hijos-adoptados-desearian-que-sus-padres-adoptivos-supiesen","status":"publish","type":"product","link":"https:\/\/obstare.com\/en\/education\/veinte-cosas-que-los-hijos-adoptados-desearian-que-sus-padres-adoptivos-supiesen\/","title":{"rendered":"Veinte cosas que los hijos adoptados desear\u00edan que sus padres adoptivos supiesen"},"content":{"rendered":"<p>&quot;I may find birthdays difficult.&quot;<br \/>&quot;I want you to be the one to take the lead in initiating conversations about my birth family.&quot;<br \/>&quot;When I act in obnoxious ways because of my fears, please don&apos;t throw in the towel with me.&quot;<br \/>&quot;I&apos;m afraid you will abandon me.&quot;<\/p>\n<p>The voices of adopted children are poignant, inquisitive and tell a familiar story of loss, fear and hope. This extraordinary book written by a woman who was adopted gives voice to unspoken concerns and shows adoptive parents how to rid their children of feelings of fear, helplessness, and shame.<\/p>\n<p>Sherrie Eldridge reveals, with warmth and candor, the twenty complex emotional issues you must understand to raise the child you love&#8230;that he must grieve his loss now if he is to receive love fully in the future&#8230;that he needs honest information about his birth family no matter how painful the details may be&#8230;and that, although he may decide to search for his birth family, he will always trust you to be his parents.<\/p>\n<p>Filled with important information from children, parents and experts in the field, as well as helpful strategies and case studies that will be familiar to all adoptive families, this book is an invaluable guide to the complex emotions that reside in the heart of the adopted child and the adoptive home.<\/p>\n","protected":false},"excerpt":{"rendered":"<table>\n<tbody>\n<tr>\n<td>Autor\u00eda<\/td>\n<td><a href=\"https:\/\/obstare.com\/autor-libro\/sherrie-eldridge\/\">Sherrie Eldridge<\/a><\/td>\n<\/tr>\n<tr>\n<td>P\u00e1ginas<\/td>\n<td>240<\/td>\n<\/tr>\n<tr>\n<td>A\u00f1o<\/td>\n<td>2022<\/td>\n<\/tr>\n<tr>\n<td>Encuadernaci\u00f3n<\/td>\n<td>Tapa Blanda<\/td>\n<\/tr>\n<tr>\n<td>Formato<\/td>\n<td>155 x 235 mm<\/td>\n<\/tr>\n<\/tbody>\n<\/table>\n","protected":false},"featured_media":10913,"comment_status":"open","ping_status":"closed","template":"","meta":[],"yoast_head":"<!-- This site is optimized with the Yoast SEO plugin v16.4 - https:\/\/yoast.com\/wordpress\/plugins\/seo\/ -->\n<title>Veinte cosas que los hijos adoptados desear\u00edan que sus padres adoptivos supiesen - OB Stare<\/title>\n<meta name=\"robots\" content=\"index, follow, max-snippet:-1, max-image-preview:large, max-video-preview:-1\" \/>\n<link rel=\"canonical\" href=\"https:\/\/obstare.com\/en\/educacion\/veinte-cosas-que-los-hijos-adoptados-desearian-que-sus-padres-adoptivos-supiesen\/\" \/>\n<meta property=\"og:locale\" content=\"en_US\" \/>\n<meta property=\"og:type\" content=\"article\" \/>\n<meta property=\"og:title\" content=\"Veinte cosas que los hijos adoptados desear\u00edan que sus padres adoptivos supiesen - OB Stare\" \/>\n<meta property=\"og:description\" content=\"Autor\u00eda Sherrie Eldridge   P\u00e1ginas 240   A\u00f1o 2022   Encuadernaci\u00f3n Tapa Blanda   Formato 155 x 235 mm\" \/>\n<meta property=\"og:url\" content=\"https:\/\/obstare.com\/educacion\/veinte-cosas-que-los-hijos-adoptados-desearian-que-sus-padres-adoptivos-supiesen\/\" \/>\n<meta property=\"og:site_name\" content=\"OB Stare\" \/>\n<meta property=\"article:modified_time\" content=\"2022-11-10T08:12:43+00:00\" \/>\n<meta property=\"og:image\" content=\"https:\/\/obstare.com\/wp-content\/uploads\/2022\/10\/Veinte-cosas-que-los-hijos-adoptados-desearian-que-sus-padres-adoptivos-supiesen_CARATULA.jpg\" \/>\n\t<meta property=\"og:image:width\" content=\"609\" \/>\n\t<meta property=\"og:image:height\" content=\"916\" \/>\n<meta name=\"twitter:card\" content=\"summary_large_image\" \/>\n<meta name=\"twitter:label1\" content=\"Est. reading time\" \/>\n\t<meta name=\"twitter:data1\" content=\"1 minute\" \/>\n<script type=\"application\/ld+json\" class=\"yoast-schema-graph\">{\"@context\":\"https:\/\/schema.org\",\"@graph\":[{\"@type\":\"WebSite\",\"@id\":\"https:\/\/obstare.com\/#website\",\"url\":\"https:\/\/obstare.com\/\",\"name\":\"OB Stare\",\"description\":\"Editorial OB Stare\",\"potentialAction\":[{\"@type\":\"SearchAction\",\"target\":\"https:\/\/obstare.com\/?s={search_term_string}\",\"query-input\":\"required name=search_term_string\"}],\"inLanguage\":\"en-US\"},{\"@type\":\"ImageObject\",\"@id\":\"https:\/\/obstare.com\/educacion\/veinte-cosas-que-los-hijos-adoptados-desearian-que-sus-padres-adoptivos-supiesen\/#primaryimage\",\"inLanguage\":\"en-US\",\"url\":\"https:\/\/obstare.com\/wp-content\/uploads\/2022\/10\/Veinte-cosas-que-los-hijos-adoptados-desearian-que-sus-padres-adoptivos-supiesen_CARATULA.jpg\",\"contentUrl\":\"https:\/\/obstare.com\/wp-content\/uploads\/2022\/10\/Veinte-cosas-que-los-hijos-adoptados-desearian-que-sus-padres-adoptivos-supiesen_CARATULA.jpg\",\"width\":609,\"height\":916},{\"@type\":\"WebPage\",\"@id\":\"https:\/\/obstare.com\/educacion\/veinte-cosas-que-los-hijos-adoptados-desearian-que-sus-padres-adoptivos-supiesen\/#webpage\",\"url\":\"https:\/\/obstare.com\/educacion\/veinte-cosas-que-los-hijos-adoptados-desearian-que-sus-padres-adoptivos-supiesen\/\",\"name\":\"Veinte cosas que los hijos adoptados desear\\u00edan que sus padres adoptivos supiesen - OB Stare\",\"isPartOf\":{\"@id\":\"https:\/\/obstare.com\/#website\"},\"primaryImageOfPage\":{\"@id\":\"https:\/\/obstare.com\/educacion\/veinte-cosas-que-los-hijos-adoptados-desearian-que-sus-padres-adoptivos-supiesen\/#primaryimage\"},\"datePublished\":\"2022-10-24T10:45:55+00:00\",\"dateModified\":\"2022-11-10T08:12:43+00:00\",\"breadcrumb\":{\"@id\":\"https:\/\/obstare.com\/educacion\/veinte-cosas-que-los-hijos-adoptados-desearian-que-sus-padres-adoptivos-supiesen\/#breadcrumb\"},\"inLanguage\":\"en-US\",\"potentialAction\":[{\"@type\":\"ReadAction\",\"target\":[\"https:\/\/obstare.com\/educacion\/veinte-cosas-que-los-hijos-adoptados-desearian-que-sus-padres-adoptivos-supiesen\/\"]}]},{\"@type\":\"BreadcrumbList\",\"@id\":\"https:\/\/obstare.com\/educacion\/veinte-cosas-que-los-hijos-adoptados-desearian-que-sus-padres-adoptivos-supiesen\/#breadcrumb\",\"itemListElement\":[{\"@type\":\"ListItem\",\"position\":1,\"item\":{\"@type\":\"WebPage\",\"@id\":\"https:\/\/obstare.com\/en\/\",\"url\":\"https:\/\/obstare.com\/en\/\",\"name\":\"Portada\"}},{\"@type\":\"ListItem\",\"position\":2,\"item\":{\"@type\":\"WebPage\",\"@id\":\"https:\/\/obstare.com\/en\/catalog\/\",\"url\":\"https:\/\/obstare.com\/en\/catalog\/\",\"name\":\"Catalog\"}},{\"@type\":\"ListItem\",\"position\":3,\"item\":{\"@id\":\"https:\/\/obstare.com\/educacion\/veinte-cosas-que-los-hijos-adoptados-desearian-que-sus-padres-adoptivos-supiesen\/#webpage\"}}]}]}<\/script>\n<!-- \/ Yoast SEO plugin. -->","_links":{"self":[{"href":"https:\/\/obstare.com\/en\/wp-json\/wp\/v2\/product\/10968"}],"collection":[{"href":"https:\/\/obstare.com\/en\/wp-json\/wp\/v2\/product"}],"about":[{"href":"https:\/\/obstare.com\/en\/wp-json\/wp\/v2\/types\/product"}],"replies":[{"embeddable":true,"href":"https:\/\/obstare.com\/en\/wp-json\/wp\/v2\/comments?post=10968"}],"wp:featuredmedia":[{"embeddable":true,"href":"https:\/\/obstare.com\/en\/wp-json\/wp\/v2\/media\/10913"}],"wp:attachment":[{"href":"https:\/\/obstare.com\/en\/wp-json\/wp\/v2\/media?parent=10968"}],"curies":[{"name":"wp","href":"https:\/\/api.w.org\/{rel}","templated":true}]}}