{"id":10481,"date":"2022-03-14T14:36:48","date_gmt":"2022-03-14T14:36:48","guid":{"rendered":"https:\/\/obstare.com\/uncategorized\/convierte-el-enfado-en-tu-aliado-en-21-dias\/"},"modified":"2022-03-14T15:13:43","modified_gmt":"2022-03-14T15:13:43","slug":"convierte-el-enfado-en-tu-aliado-en-21-dias","status":"publish","type":"product","link":"https:\/\/obstare.com\/en\/parenting\/convierte-el-enfado-en-tu-aliado-en-21-dias\/","title":{"rendered":"Convierte el enfado en tu aliado en 21 d\u00edas"},"content":{"rendered":"<p>Este libro recoge un <strong>programa de entrenamiento emocional<\/strong> de 21 d\u00edas que te permitir\u00e1, a la luz de la <strong>crianza<\/strong>, conquistar una crianza consciente, sin gritos y con amor incondicional. Es un programa probado por m\u00e1s de 200 madres, cuyos testimonios revelan el impacto positivo que tuvo tanto en la gestaci\u00f3n del propio enfado como en la relaci\u00f3n con sus hijos. Este libro te ayudar\u00e1 a conseguir que el enfado sea una emoci\u00f3n comprendida, aceptada, respetada y acompa\u00f1ada.<\/p>\n","protected":false},"excerpt":{"rendered":"<table class=\"custom-table-variations-description-product\" cellspacing=\"0\">\n<tbody>\n<tr>\n<td><span class=\"attr-name-custom-table-variations-description-product attr-name-custom-table-variations-description-product-author\">Author<\/span><\/td>\n<td>Immaculada Buitrago<\/td>\n<\/tr>\n<tr>\n<td><span class=\"attr-name-custom-table-variations-description-product\">Pages<\/span><\/td>\n<td><span class=\"attr-value-custom-table-variations-description-product\">176<\/span><\/td>\n<\/tr>\n<tr>\n<td><span class=\"attr-name-custom-table-variations-description-product\">Year<\/span><\/td>\n<td><span class=\"attr-value-custom-table-variations-description-product\">2022<\/span><\/td>\n<\/tr>\n<tr>\n<td><span class=\"attr-name-custom-table-variations-description-product\">Bookbinding<\/span><\/td>\n<td><span class=\"attr-value-custom-table-variations-description-product\">Paperback<\/span><\/td>\n<\/tr>\n<tr>\n<td><span class=\"attr-name-custom-table-variations-description-product\">Format<\/span><\/td>\n<td><span class=\"attr-value-custom-table-variations-description-product\">135 x 210 x 10 mm<\/span><\/td>\n<\/tr>\n<\/tbody>\n<\/table>\n","protected":false},"featured_media":10471,"comment_status":"open","ping_status":"closed","template":"","meta":[],"yoast_head":"<!-- This site is optimized with the Yoast SEO plugin v16.4 - https:\/\/yoast.com\/wordpress\/plugins\/seo\/ -->\n<title>Convierte el enfado en tu aliado en 21 d\u00edas - OB Stare<\/title>\n<meta name=\"robots\" content=\"index, follow, max-snippet:-1, max-image-preview:large, max-video-preview:-1\" \/>\n<link rel=\"canonical\" href=\"https:\/\/obstare.com\/en\/parenting\/convierte-el-enfado-en-tu-aliado-en-21-dias\/\" \/>\n<meta property=\"og:locale\" content=\"en_US\" \/>\n<meta property=\"og:type\" content=\"article\" \/>\n<meta property=\"og:title\" content=\"Convierte el enfado en tu aliado en 21 d\u00edas - OB Stare\" \/>\n<meta property=\"og:description\" content=\"Author Immaculada Buitrago   Pages 176   Year 2022   Bookbinding Paperback   Format 135 x 210 x 10 mm\" \/>\n<meta property=\"og:url\" content=\"https:\/\/obstare.com\/en\/parenting\/convierte-el-enfado-en-tu-aliado-en-21-dias\/\" \/>\n<meta property=\"og:site_name\" content=\"OB Stare\" \/>\n<meta property=\"article:modified_time\" content=\"2022-03-14T15:13:43+00:00\" \/>\n<meta property=\"og:image\" content=\"https:\/\/obstare.com\/wp-content\/uploads\/2022\/03\/Convierte-el-enfado-en-tu-aliado-en-21-dias_CARATULA.jpg\" \/>\n\t<meta property=\"og:image:width\" content=\"532\" \/>\n\t<meta property=\"og:image:height\" content=\"827\" \/>\n<meta name=\"twitter:card\" content=\"summary_large_image\" \/>\n<script type=\"application\/ld+json\" class=\"yoast-schema-graph\">{\"@context\":\"https:\/\/schema.org\",\"@graph\":[{\"@type\":\"WebSite\",\"@id\":\"https:\/\/obstare.com\/#website\",\"url\":\"https:\/\/obstare.com\/\",\"name\":\"OB Stare\",\"description\":\"Editorial OB Stare\",\"potentialAction\":[{\"@type\":\"SearchAction\",\"target\":\"https:\/\/obstare.com\/?s={search_term_string}\",\"query-input\":\"required name=search_term_string\"}],\"inLanguage\":\"en-US\"},{\"@type\":\"ImageObject\",\"@id\":\"https:\/\/obstare.com\/en\/parenting\/convierte-el-enfado-en-tu-aliado-en-21-dias\/#primaryimage\",\"inLanguage\":\"en-US\",\"url\":\"https:\/\/obstare.com\/wp-content\/uploads\/2022\/03\/Convierte-el-enfado-en-tu-aliado-en-21-dias_CARATULA.jpg\",\"contentUrl\":\"https:\/\/obstare.com\/wp-content\/uploads\/2022\/03\/Convierte-el-enfado-en-tu-aliado-en-21-dias_CARATULA.jpg\",\"width\":532,\"height\":827},{\"@type\":\"WebPage\",\"@id\":\"https:\/\/obstare.com\/en\/parenting\/convierte-el-enfado-en-tu-aliado-en-21-dias\/#webpage\",\"url\":\"https:\/\/obstare.com\/en\/parenting\/convierte-el-enfado-en-tu-aliado-en-21-dias\/\",\"name\":\"Convierte el enfado en tu aliado en 21 d\\u00edas - OB Stare\",\"isPartOf\":{\"@id\":\"https:\/\/obstare.com\/#website\"},\"primaryImageOfPage\":{\"@id\":\"https:\/\/obstare.com\/en\/parenting\/convierte-el-enfado-en-tu-aliado-en-21-dias\/#primaryimage\"},\"datePublished\":\"2022-03-14T14:36:48+00:00\",\"dateModified\":\"2022-03-14T15:13:43+00:00\",\"breadcrumb\":{\"@id\":\"https:\/\/obstare.com\/en\/parenting\/convierte-el-enfado-en-tu-aliado-en-21-dias\/#breadcrumb\"},\"inLanguage\":\"en-US\",\"potentialAction\":[{\"@type\":\"ReadAction\",\"target\":[\"https:\/\/obstare.com\/en\/parenting\/convierte-el-enfado-en-tu-aliado-en-21-dias\/\"]}]},{\"@type\":\"BreadcrumbList\",\"@id\":\"https:\/\/obstare.com\/en\/parenting\/convierte-el-enfado-en-tu-aliado-en-21-dias\/#breadcrumb\",\"itemListElement\":[{\"@type\":\"ListItem\",\"position\":1,\"item\":{\"@type\":\"WebPage\",\"@id\":\"https:\/\/obstare.com\/en\/\",\"url\":\"https:\/\/obstare.com\/en\/\",\"name\":\"Portada\"}},{\"@type\":\"ListItem\",\"position\":2,\"item\":{\"@type\":\"WebPage\",\"@id\":\"https:\/\/obstare.com\/en\/catalog\/\",\"url\":\"https:\/\/obstare.com\/en\/catalog\/\",\"name\":\"Catalog\"}},{\"@type\":\"ListItem\",\"position\":3,\"item\":{\"@id\":\"https:\/\/obstare.com\/en\/parenting\/convierte-el-enfado-en-tu-aliado-en-21-dias\/#webpage\"}}]}]}<\/script>\n<!-- \/ Yoast SEO plugin. -->","_links":{"self":[{"href":"https:\/\/obstare.com\/en\/wp-json\/wp\/v2\/product\/10481"}],"collection":[{"href":"https:\/\/obstare.com\/en\/wp-json\/wp\/v2\/product"}],"about":[{"href":"https:\/\/obstare.com\/en\/wp-json\/wp\/v2\/types\/product"}],"replies":[{"embeddable":true,"href":"https:\/\/obstare.com\/en\/wp-json\/wp\/v2\/comments?post=10481"}],"wp:featuredmedia":[{"embeddable":true,"href":"https:\/\/obstare.com\/en\/wp-json\/wp\/v2\/media\/10471"}],"wp:attachment":[{"href":"https:\/\/obstare.com\/en\/wp-json\/wp\/v2\/media?parent=10481"}],"curies":[{"name":"wp","href":"https:\/\/api.w.org\/{rel}","templated":true}]}}