{"id":10462,"date":"2022-02-21T10:27:11","date_gmt":"2022-02-21T10:36:24","guid":{"rendered":"https:\/\/obstare.com\/?post_type=product&#038;p=10462"},"modified":"2022-02-21T10:43:35","modified_gmt":"2022-02-21T10:43:35","slug":"al-encuentro-de-la-maternidad","status":"publish","type":"product","link":"https:\/\/obstare.com\/en\/pregnancy\/al-encuentro-de-la-maternidad\/","title":{"rendered":"Al encuentro de la maternidad"},"content":{"rendered":"<p>Este libro es una herramienta muy \u00fatil para quienes quieran prepararse y vivir una concepci\u00f3n consciente con un embarazo sano y transcendente. Est\u00e1 dise\u00f1ado para abordar esta etapa vital desde diversos enfoques: el nivel f\u00edsico, el mental y el emocional. Asimismo, trabaja aspectos de nuestra vida que deben ser considerados antes de dar el paso a la maternidad.<\/p>\n<p>Tambi\u00e9n puede usarse como gu\u00eda para mujeres que acompa\u00f1an a otras mujeres: educadoras, doulas, terapeutas, coaches o profesionales de la maternidad. En \u00e9l se ofrece informaci\u00f3n pr\u00e1ctica sobre fertilidad y preconcepci\u00f3n tanto para recorrer este camino individualmente o como para acompa\u00f1ar a otras mujeres. Con su lectura, invitamos a las lectoras a observarse a trav\u00e9s de la conciencia del propio cuerpo y de su realidad, como un primer paso para planificar la llegada de su beb\u00e9.<\/p>\n","protected":false},"excerpt":{"rendered":"<table class=\"custom-table-variations-description-product\" cellspacing=\"0\">\n<tbody>\n<tr>\n<td><span class=\"attr-name-custom-table-variations-description-product attr-name-custom-table-variations-description-product-author\">Author<\/span><\/td>\n<td>Anaheim Jordan &amp; Marta Le\u00f3n<\/td>\n<\/tr>\n<tr>\n<td><span class=\"attr-name-custom-table-variations-description-product\">Pages<\/span><\/td>\n<td><span class=\"attr-value-custom-table-variations-description-product\">160<\/span><\/td>\n<\/tr>\n<tr>\n<td><span class=\"attr-name-custom-table-variations-description-product\">Year<\/span><\/td>\n<td><span class=\"attr-value-custom-table-variations-description-product\">2022<\/span><\/td>\n<\/tr>\n<tr>\n<td><span class=\"attr-name-custom-table-variations-description-product\">Bookbinding<\/span><\/td>\n<td><span class=\"attr-value-custom-table-variations-description-product\">Paperback<\/span><\/td>\n<\/tr>\n<tr>\n<td><span class=\"attr-name-custom-table-variations-description-product\">Format<\/span><\/td>\n<td><span class=\"attr-value-custom-table-variations-description-product\">155 x 235 mm.<\/span><\/td>\n<\/tr>\n<\/tbody>\n<\/table>\n","protected":false},"featured_media":10456,"comment_status":"open","ping_status":"closed","template":"","meta":[],"yoast_head":"<!-- This site is optimized with the Yoast SEO plugin v16.4 - https:\/\/yoast.com\/wordpress\/plugins\/seo\/ -->\n<title>Al encuentro de la maternidad - OB Stare<\/title>\n<meta name=\"robots\" content=\"index, follow, max-snippet:-1, max-image-preview:large, max-video-preview:-1\" \/>\n<link rel=\"canonical\" href=\"https:\/\/obstare.com\/en\/pregnancy\/al-encuentro-de-la-maternidad\/\" \/>\n<meta property=\"og:locale\" content=\"en_US\" \/>\n<meta property=\"og:type\" content=\"article\" \/>\n<meta property=\"og:title\" content=\"Al encuentro de la maternidad - OB Stare\" \/>\n<meta property=\"og:description\" content=\"Author Anaheim Jordan &amp; Marta Le\u00f3n   Pages 160   Year 2022   Bookbinding Paperback   Format 155 x 235 mm.\" \/>\n<meta property=\"og:url\" content=\"https:\/\/obstare.com\/en\/pregnancy\/al-encuentro-de-la-maternidad\/\" \/>\n<meta property=\"og:site_name\" content=\"OB Stare\" \/>\n<meta property=\"article:modified_time\" content=\"2022-02-21T10:43:35+00:00\" \/>\n<meta property=\"og:image\" content=\"https:\/\/obstare.com\/wp-content\/uploads\/2022\/02\/Al-encuentro-de-la-maternidad_CARATULA.jpg\" \/>\n\t<meta property=\"og:image:width\" content=\"610\" \/>\n\t<meta property=\"og:image:height\" content=\"917\" \/>\n<meta name=\"twitter:card\" content=\"summary_large_image\" \/>\n<meta name=\"twitter:label1\" content=\"Est. reading time\" \/>\n\t<meta name=\"twitter:data1\" content=\"1 minute\" \/>\n<script type=\"application\/ld+json\" class=\"yoast-schema-graph\">{\"@context\":\"https:\/\/schema.org\",\"@graph\":[{\"@type\":\"WebSite\",\"@id\":\"https:\/\/obstare.com\/#website\",\"url\":\"https:\/\/obstare.com\/\",\"name\":\"OB Stare\",\"description\":\"Editorial OB Stare\",\"potentialAction\":[{\"@type\":\"SearchAction\",\"target\":\"https:\/\/obstare.com\/?s={search_term_string}\",\"query-input\":\"required name=search_term_string\"}],\"inLanguage\":\"en-US\"},{\"@type\":\"ImageObject\",\"@id\":\"https:\/\/obstare.com\/en\/pregnancy\/al-encuentro-de-la-maternidad\/#primaryimage\",\"inLanguage\":\"en-US\",\"url\":\"https:\/\/obstare.com\/wp-content\/uploads\/2022\/02\/Al-encuentro-de-la-maternidad_CARATULA.jpg\",\"contentUrl\":\"https:\/\/obstare.com\/wp-content\/uploads\/2022\/02\/Al-encuentro-de-la-maternidad_CARATULA.jpg\",\"width\":610,\"height\":917},{\"@type\":\"WebPage\",\"@id\":\"https:\/\/obstare.com\/en\/pregnancy\/al-encuentro-de-la-maternidad\/#webpage\",\"url\":\"https:\/\/obstare.com\/en\/pregnancy\/al-encuentro-de-la-maternidad\/\",\"name\":\"Al encuentro de la maternidad - OB Stare\",\"isPartOf\":{\"@id\":\"https:\/\/obstare.com\/#website\"},\"primaryImageOfPage\":{\"@id\":\"https:\/\/obstare.com\/en\/pregnancy\/al-encuentro-de-la-maternidad\/#primaryimage\"},\"datePublished\":\"2022-02-21T10:36:24+00:00\",\"dateModified\":\"2022-02-21T10:43:35+00:00\",\"breadcrumb\":{\"@id\":\"https:\/\/obstare.com\/en\/pregnancy\/al-encuentro-de-la-maternidad\/#breadcrumb\"},\"inLanguage\":\"en-US\",\"potentialAction\":[{\"@type\":\"ReadAction\",\"target\":[\"https:\/\/obstare.com\/en\/pregnancy\/al-encuentro-de-la-maternidad\/\"]}]},{\"@type\":\"BreadcrumbList\",\"@id\":\"https:\/\/obstare.com\/en\/pregnancy\/al-encuentro-de-la-maternidad\/#breadcrumb\",\"itemListElement\":[{\"@type\":\"ListItem\",\"position\":1,\"item\":{\"@type\":\"WebPage\",\"@id\":\"https:\/\/obstare.com\/en\/\",\"url\":\"https:\/\/obstare.com\/en\/\",\"name\":\"Portada\"}},{\"@type\":\"ListItem\",\"position\":2,\"item\":{\"@type\":\"WebPage\",\"@id\":\"https:\/\/obstare.com\/en\/catalog\/\",\"url\":\"https:\/\/obstare.com\/en\/catalog\/\",\"name\":\"Catalog\"}},{\"@type\":\"ListItem\",\"position\":3,\"item\":{\"@id\":\"https:\/\/obstare.com\/en\/pregnancy\/al-encuentro-de-la-maternidad\/#webpage\"}}]}]}<\/script>\n<!-- \/ Yoast SEO plugin. -->","_links":{"self":[{"href":"https:\/\/obstare.com\/en\/wp-json\/wp\/v2\/product\/10462"}],"collection":[{"href":"https:\/\/obstare.com\/en\/wp-json\/wp\/v2\/product"}],"about":[{"href":"https:\/\/obstare.com\/en\/wp-json\/wp\/v2\/types\/product"}],"replies":[{"embeddable":true,"href":"https:\/\/obstare.com\/en\/wp-json\/wp\/v2\/comments?post=10462"}],"wp:featuredmedia":[{"embeddable":true,"href":"https:\/\/obstare.com\/en\/wp-json\/wp\/v2\/media\/10456"}],"wp:attachment":[{"href":"https:\/\/obstare.com\/en\/wp-json\/wp\/v2\/media?parent=10462"}],"curies":[{"name":"wp","href":"https:\/\/api.w.org\/{rel}","templated":true}]}}