{"id":8056,"date":"2021-02-03T21:00:27","date_gmt":"2021-02-03T21:00:27","guid":{"rendered":"https:\/\/dev.obstare.com\/?page_id=8056"},"modified":"2021-12-01T06:29:58","modified_gmt":"2021-12-01T06:29:58","slug":"distribution","status":"publish","type":"page","link":"https:\/\/obstare.com\/en\/distribution\/","title":{"rendered":"distribution"},"content":{"rendered":"<p><div class=\"kc-elm kc-css-638657 kc_row\"><div class=\"kc-row-container\"><div class=\"kc-wrap-columns\"><div class=\"kc-elm kc-css-654103 kc_col-sm-12 kc_column kc_col-sm-12\"><div class=\"kc-col-container\"><div class=\"kc-elm kc-css-967604 kc_row kc_row_inner\"><div class=\"kc-elm kc-css-842310 kc_column_inner kc_col-sm-12\"><div class=\"kc_wrapper kc-col-inner-container\"><div class=\"kc-elm kc-css-452753 kc-icon-wrapper\">\n\t\t<i class=\"ti-map-alt\"><\/i>\n\t<\/div>\n\n<div class=\"kc-elm kc-css-592538 kc-animate-delay-200 kc-title-wrap \">\n\n\t<h2 class=\"kc_title\">Distributors<\/h2>\n<\/div>\n<\/div><\/div><\/div><\/div><\/div><\/div><\/div><\/div><div class=\"kc-elm kc-css-746948 kc_row\"><div class=\"kc-row-container  kc-container\"><div class=\"kc-wrap-columns\"><div class=\"kc-elm kc-css-103734 kc_col-sm-3 kc_column kc_col-sm-3\"><div class=\"kc-col-container\">\t<div class=\"section-header kc-elm kc-css-865518 section-header--right\">\n\t\t<h2 class=\"section-title\">Spain<\/h2>\n\t\t<small class=\"section-subtitle\"><\/small>\n\t<\/div>\n<\/div><\/div><div class=\"kc-elm kc-css-378449 kc_col-sm-6 kc_column kc_col-sm-6\"><div class=\"kc-col-container\"><div class=\"kc-elm kc-css-322163 kc_google_maps kc_shortcode\" data-wheel=\"disable\"><div style=\"height: 350px\" class=\"kc-google-maps\"><iframe src=\"https:\/\/www.google.com\/maps\/embed?pb=!1m18!1m12!1m3!1d3038.3198223727127!2d-3.680496399999999!3d40.4017652!2m3!1f0!2f0!3f0!3m2!1i1024!2i768!4f13.1!3m3!1m2!1s0xd422617a469191f%3A0x3e041438a9115da7!2sCalle%20de%20T%C3%A9llez%2C%2054%2C%2028007%20Madrid!5e0!3m2!1ses!2ses!4v1612383959429!5m2!1ses!2ses\" width=\"100%\" height=\"350\" frameborder=\"0\" style=\"border:0;\" allowfullscreen=\"\" aria-hidden=\"false\" tabindex=\"0\"><\/iframe><\/div><\/div><\/div><\/div><div class=\"kc-elm kc-css-132955 kc_col-sm-3 kc_column kc_col-sm-3\"><div class=\"kc-col-container\">\n<div class=\"kc-elm kc-css-734853 kc-title-wrap \">\n\n\t<h3 class=\"kc_title\">Address<\/h3>\n<\/div>\n<div class=\"kc-elm kc-css-71810 kc_text_block\"><\/p>\n<p style=\"font-weight: 400; text-align: left;\">DISBOOK S.L.<\/p>\n<p style=\"font-weight: 400; text-align: left;\"><a href=\"https:\/\/www.google.com\/maps\/search\/c%2F+T%C3%A9llez,+54,+3B,+28007,+Madrid?entry=gmail&#038;source=g\">c\/ T\u00e9llez, 54, 3B, 28007, Madrid<\/a><\/p>\n<p>\n<\/div>\n<div class=\"kc-elm kc-css-704120 kc-title-wrap \">\n\n\t<h3 class=\"kc_title\">Contact<\/h3>\n<\/div>\n<div class=\"kc-elm kc-css-874063 kc_text_block\"><\/p>\n<p>\n902-99 81 73 ext.: 10-11-12<\/p>\n<p style=\"font-weight: 400; text-align: left;\"><a href=\"mailto:comercial@disbook.com\">comercial@disbook.com<\/a><\/p>\n<p style=\"font-weight: 400; text-align: left;\"><a href=\"http:\/\/www.disbook.com\/\">http:\/\/www.disbook.com\/<\/a><\/p>\n<p>\n<\/div><\/div><\/div><\/div><\/div><\/div><div class=\"kc-elm kc-css-469031 kc_row\"><div class=\"kc-row-container  kc-container\"><div class=\"kc-wrap-columns\"><div class=\"kc-elm kc-css-66193 kc_col-sm-3 kc_column kc_col-sm-3\"><div class=\"kc-col-container\">\t<div class=\"section-header kc-elm kc-css-163405 section-header--right\">\n\t\t<h2 class=\"section-title\">United States<\/h2>\n\t\t<small class=\"section-subtitle\"><\/small>\n\t<\/div>\n<\/div><\/div><div class=\"kc-elm kc-css-36196 kc_col-sm-6 kc_column kc_col-sm-6\"><div class=\"kc-col-container\"><div class=\"kc-elm kc-css-840855 kc_google_maps kc_shortcode\" data-wheel=\"disable\"><div style=\"height: 350px\" class=\"kc-google-maps\"><iframe src=\"https:\/\/www.google.com\/maps\/embed?pb=!1m18!1m12!1m3!1d3596.6415473986085!2d-80.3378907!3d25.650019699999998!2m3!1f0!2f0!3f0!3m2!1i1024!2i768!4f13.1!3m3!1m2!1s0x88d9c6eca99aaaab%3A0x153b8a9a03b59ffb!2s8871%20SW%20129th%20Terrace%2C%20Miami%2C%20FL%2033176%2C%20EE.%20UU.!5e0!3m2!1ses!2ses!4v1612385033316!5m2!1ses!2ses\" width=\"100%\" height=\"350\" frameborder=\"0\" style=\"border:0;\" allowfullscreen=\"\" aria-hidden=\"false\" tabindex=\"0\"><\/iframe><\/div><\/div><\/div><\/div><div class=\"kc-elm kc-css-100092 kc_col-sm-3 kc_column kc_col-sm-3\"><div class=\"kc-col-container\">\n<div class=\"kc-elm kc-css-403046 kc-title-wrap \">\n\n\t<h3 class=\"kc_title\">Address<\/h3>\n<\/div>\n<div class=\"kc-elm kc-css-145204 kc_text_block\"><\/p>\n<p style=\"font-weight: 400; text-align: left;\">SPANISH PUBLISHERS LLC.<\/p>\n<p style=\"font-weight: 400; text-align: left;\"><a href=\"https:\/\/www.google.com\/maps\/search\/8871+SW+129th+Terrace,+33176?entry=gmail&#038;source=g\">8871 SW 129th Terrace, 33176<\/a>, Miami (Florida)<\/p>\n<p>\n<\/div>\n<div class=\"kc-elm kc-css-812598 kc-title-wrap \">\n\n\t<h3 class=\"kc_title\">Contact<\/h3>\n<\/div>\n<div class=\"kc-elm kc-css-322755 kc_text_block\"><\/p>\n<p>\n1-305-233 33 65<\/p>\n<p style=\"font-weight: 400; text-align: left;\"><a href=\"mailto:wilma@spanishpublishers.net\">wilma@spanishpublishers.net<\/a><\/p>\n<p style=\"font-weight: 400; text-align: left;\"><a href=\"http:\/\/www.spanishpublishers.net\/\">www.spanishpublishers.net<\/a><\/p>\n<p>\n<\/div><\/div><\/div><\/div><\/div><\/div><div class=\"kc-elm kc-css-760434 kc_row\"><div class=\"kc-row-container  kc-container\"><div class=\"kc-wrap-columns\"><div class=\"kc-elm kc-css-505099 kc_col-sm-3 kc_column kc_col-sm-3\"><div class=\"kc-col-container\">\t<div class=\"section-header kc-elm kc-css-549712 section-header--right\">\n\t\t<h2 class=\"section-title\">Mexico<\/h2>\n\t\t<small class=\"section-subtitle\"><\/small>\n\t<\/div>\n<\/div><\/div><div class=\"kc-elm kc-css-6184 kc_col-sm-6 kc_column kc_col-sm-6\"><div class=\"kc-col-container\"><div class=\"kc-elm kc-css-478781 kc_google_maps kc_shortcode\" data-wheel=\"disable\"><div style=\"height: 350px\" class=\"kc-google-maps\"><iframe src=\"https:\/\/www.google.com\/maps\/embed?pb=!1m18!1m12!1m3!1d3764.06004445764!2d-99.0538766!3d19.3665526!2m3!1f0!2f0!3f0!3m2!1i1024!2i768!4f13.1!3m3!1m2!1s0x85d1fd0b3ca9361b%3A0x4c52f577057dfeb5!2sAv.%20Michoacan%2020%2C%20Complejo%20Industrial%20Tecnol%C3%B3gico%2C%20Iztapalapa%2C%20Ciudad%20de%20M%C3%A9xico%2C%20CDMX%2C%20M%C3%A9xico!5e0!3m2!1ses!2ses!4v1612384829552!5m2!1ses!2ses\" width=\"100%\" height=\"350\" frameborder=\"0\" style=\"border:0;\" allowfullscreen=\"\" aria-hidden=\"false\" tabindex=\"0\"><\/iframe><\/div><\/div><\/div><\/div><div class=\"kc-elm kc-css-863627 kc_col-sm-3 kc_column kc_col-sm-3\"><div class=\"kc-col-container\">\n<div class=\"kc-elm kc-css-705411 kc-title-wrap \">\n\n\t<h3 class=\"kc_title\">Address <\/h3>\n<\/div>\n<div class=\"kc-elm kc-css-382747 kc_text_block\"><\/p>\n<p style=\"font-weight: 400; text-align: left;\">NIRVANA LIBROS<\/p>\n<p style=\"font-weight: 400; text-align: left;\"><a href=\"https:\/\/www.google.com\/maps\/search\/Av.+Michoac%C3%A1n+20?entry=gmail&#038;source=g\">Av. Michoac\u00e1n 20<\/a>, M\u00f3dulo 27 Bodega 1 Col. Renovaci\u00f3n. C.P. 09209, Delegaci\u00f3n Iztapalapa. Ciudad de M\u00e9xico.<\/p>\n<p>\n<\/div>\n<div class=\"kc-elm kc-css-131840 kc-title-wrap \">\n\n\t<h3 class=\"kc_title\">Contact<\/h3>\n<\/div>\n<div class=\"kc-elm kc-css-226958 kc_text_block\"><\/p>\n<p>\n(52) 55 56158479<\/p>\n<p style=\"font-weight: 400; text-align: left;\"><a href=\"mailto:nirvana@nirvanalibros.com.mx\">nirvana@nirvanalibros.com.mx<\/a><\/p>\n<p style=\"font-weight: 400; text-align: left;\"><a href=\"http:\/\/www.nirvanalibros.mx\/\">www.nirvanalibros.mx<\/a><\/p>\n<p>\n<\/div><\/div><\/div><\/div><\/div><\/div><div class=\"kc-elm kc-css-531826 kc_row\"><div class=\"kc-row-container  kc-container\"><div class=\"kc-wrap-columns\"><div class=\"kc-elm kc-css-733841 kc_col-sm-3 kc_column kc_col-sm-3\"><div class=\"kc-col-container\">\t<div class=\"section-header kc-elm kc-css-942390 section-header--right\">\n\t\t<h2 class=\"section-title\">Colombia<\/h2>\n\t\t<small class=\"section-subtitle\"><\/small>\n\t<\/div>\n<\/div><\/div><div class=\"kc-elm kc-css-744502 kc_col-sm-6 kc_column kc_col-sm-6\"><div class=\"kc-col-container\"><div class=\"kc-elm kc-css-512025 kc_google_maps kc_shortcode\" data-wheel=\"disable\"><div style=\"height: 350px\" class=\"kc-google-maps\"><iframe src=\"https:\/\/www.google.com\/maps\/embed?pb=!1m18!1m12!1m3!1d3976.4679597461186!2d-74.0678181!3d4.6884441!2m3!1f0!2f0!3f0!3m2!1i1024!2i768!4f13.1!3m3!1m2!1s0x8e3f9add05990e41%3A0xa4beb0bfe34315ef!2sCra.%2062%20%2398b-13%2C%20Bogot%C3%A1%2C%20Colombia!5e0!3m2!1ses!2ses!4v1612385174879!5m2!1ses!2ses\" width=\"100%\" height=\"350\" frameborder=\"0\" style=\"border:0;\" allowfullscreen=\"\" aria-hidden=\"false\" tabindex=\"0\"><\/iframe><\/div><\/div><\/div><\/div><div class=\"kc-elm kc-css-43937 kc_col-sm-3 kc_column kc_col-sm-3\"><div class=\"kc-col-container\">\n<div class=\"kc-elm kc-css-445948 kc-title-wrap \">\n\n\t<h3 class=\"kc_title\">Address <\/h3>\n<\/div>\n<div class=\"kc-elm kc-css-821230 kc_text_block\"><\/p>\n<p style=\"font-weight: 400; text-align: left;\">EDICIONES GAVIOTA<\/p>\n<p style=\"font-weight: 400; text-align: left;\"><a href=\"https:\/\/www.google.com\/maps\/search\/Cr.+62+%23+98B-13.+Bogot%C3%A1?entry=gmail&#038;source=g\">Cr. 62 # 98B-13. Bogot\u00e1<\/a>.<\/p>\n<p>\n<\/div>\n<div class=\"kc-elm kc-css-68939 kc-title-wrap \">\n\n\t<h3 class=\"kc_title\">Contact<\/h3>\n<\/div>\n<div class=\"kc-elm kc-css-786550 kc_text_block\"><\/p>\n<p>\n571-6136650 \/ 6136918<\/p>\n<p style=\"font-weight: 400; text-align: left;\"><a href=\"mailto:ventas@ediciones-gaviota.com\">ventas@ediciones-gaviota.com<\/a><\/p>\n<p style=\"font-weight: 400; text-align: left;\"><a href=\"https:\/\/www.edicionesgaviota.com.co\/\">https:\/\/www.edicionesgaviota.com.co\/<\/a><\/p>\n<p>\n<\/div><\/div><\/div><\/div><\/div><\/div><div class=\"kc-elm kc-css-252375 kc_row\"><div class=\"kc-row-container  kc-container\"><div class=\"kc-wrap-columns\"><div class=\"kc-elm kc-css-378968 kc_col-sm-3 kc_column kc_col-sm-3\"><div class=\"kc-col-container\">\t<div class=\"section-header kc-elm kc-css-321954 section-header--right\">\n\t\t<h2 class=\"section-title\">Argentina<\/h2>\n\t\t<small class=\"section-subtitle\"><\/small>\n\t<\/div>\n<\/div><\/div><div class=\"kc-elm kc-css-457028 kc_col-sm-6 kc_column kc_col-sm-6\"><div class=\"kc-col-container\"><div class=\"kc-elm kc-css-84751 kc_google_maps kc_shortcode\" data-wheel=\"disable\"><div style=\"height: 350px\" class=\"kc-google-maps\"><iframe src=\"https:\/\/www.google.com\/maps\/embed?pb=!1m18!1m12!1m3!1d3282.90192326952!2d-58.391306584207065!3d-34.63191868045228!2m3!1f0!2f0!3f0!3m2!1i1024!2i768!4f13.1!3m3!1m2!1s0x95bccb3c80eaf65f%3A0x59e82d6e8075184a!2sSol%C3%ADs%202045%2C%20C1134%20ADQ%2C%20Buenos%20Aires%2C%20Argentina!5e0!3m2!1ses!2ses!4v1612385466794!5m2!1ses!2ses\" width=\"100%\" height=\"350\" frameborder=\"0\" style=\"border:0;\" allowfullscreen=\"\" aria-hidden=\"false\" tabindex=\"0\"><\/iframe><\/div><\/div><\/div><\/div><div class=\"kc-elm kc-css-981408 kc_col-sm-3 kc_column kc_col-sm-3\"><div class=\"kc-col-container\">\n<div class=\"kc-elm kc-css-870682 kc-title-wrap \">\n\n\t<h3 class=\"kc_title\">Address <\/h3>\n<\/div>\n<div class=\"kc-elm kc-css-619597 kc_text_block\"><\/p>\n<p style=\"font-weight: 400; text-align: left;\">GRUPAL DISTRIBUIDORA<\/p>\n<p style=\"font-weight: 400; text-align: left;\">Sol\u00eds 2045\/49<\/p>\n<p>\n<\/div>\n<div class=\"kc-elm kc-css-566510 kc-title-wrap \">\n\n\t<h3 class=\"kc_title\">Contact<\/h3>\n<\/div>\n<div class=\"kc-elm kc-css-160831 kc_text_block\"><\/p>\n<p>\n54-11 4306-2444<\/p>\n<p style=\"font-weight: 400; text-align: left;\"><a href=\"mailto:ventas@grupaldistribuidora.com.ar\">ventas@grupaldistribuidora.com.ar<\/a><\/p>\n<p style=\"font-weight: 400; text-align: left;\"><a href=\"https:\/\/grupaldistribuidora.com.ar\/\">https:\/\/grupaldistribuidora.com.ar\/<\/a><\/p>\n<p>\n<\/div><\/div><\/div><\/div><\/div><\/div><div class=\"kc-elm kc-css-14685 kc_row\"><div class=\"kc-row-container  kc-container\"><div class=\"kc-wrap-columns\"><div class=\"kc-elm kc-css-244779 kc_col-sm-3 kc_column kc_col-sm-3\"><div class=\"kc-col-container\">\t<div class=\"section-header kc-elm kc-css-759458 section-header--right\">\n\t\t<h2 class=\"section-title\">Chile<\/h2>\n\t\t<small class=\"section-subtitle\"><\/small>\n\t<\/div>\n<\/div><\/div><div class=\"kc-elm kc-css-601989 kc_col-sm-6 kc_column kc_col-sm-6\"><div class=\"kc-col-container\"><div class=\"kc-elm kc-css-406654 kc_google_maps kc_shortcode\" data-wheel=\"disable\"><div style=\"height: 350px\" class=\"kc-google-maps\"><iframe src=\"https:\/\/www.google.com\/maps\/embed?pb=!1m18!1m12!1m3!1d1664.4521649244675!2d-70.62414357229501!3d-33.451798962597664!2m3!1f0!2f0!3f0!3m2!1i1024!2i768!4f13.1!3m3!1m2!1s0x9662c57d33d13881%3A0xeb143e1a791809a!2sAv.%20Italia%201875%2C%20%C3%91u%C3%B1oa%2C%20Regi%C3%B3n%20Metropolitana%2C%20Chile!5e0!3m2!1ses!2ses!4v1623930522186!5m2!1ses!2ses\" width=\"100%\" height=\"350\" style=\"border:0;\" allowfullscreen=\"\" loading=\"lazy\"><\/iframe><\/div><\/div><\/div><\/div><div class=\"kc-elm kc-css-394523 kc_col-sm-3 kc_column kc_col-sm-3\"><div class=\"kc-col-container\">\n<div class=\"kc-elm kc-css-66944 kc-title-wrap \">\n\n\t<h3 class=\"kc_title\">Address<\/h3>\n<\/div>\n<div class=\"kc-elm kc-css-839946 kc_text_block\"><\/p>\n<p style=\"font-weight: 400;\">LIBERALIA\u00a0EDICIONES<\/p>\n<p style=\"font-weight: 400;\">Av. Italia 2016, \u00d1u\u00f1oa<\/p>\n<p>\n<\/div>\n<div class=\"kc-elm kc-css-690380 kc-title-wrap \">\n\n\t<h3 class=\"kc_title\">Contact<\/h3>\n<\/div>\n<div class=\"kc-elm kc-css-501869 kc_text_block\"><\/p>\n<p>562 23438432 &#8211; 562 3268613<\/p>\n<p style=\"font-weight: 400; text-align: left;\"><a class=\"mailto-link\" href=\"mailto:sergio.toledo@liberaliaediciones.com\" target=\"_blank\" rel=\"noopener\">sergio.toledo@liberaliaediciones.com<\/a><\/p>\n<p style=\"font-weight: 400; text-align: left;\"><a href=\"https:\/\/liberalialij.cl\/\">https:\/\/liberalialij.cl\/<\/a><\/p>\n<p>\n<\/div><\/div><\/div><\/div><\/div><\/div><div class=\"kc-elm kc-css-342266 kc_row\"><div class=\"kc-row-container  kc-container\"><div class=\"kc-wrap-columns\"><div class=\"kc-elm kc-css-701074 kc_col-sm-3 kc_column kc_col-sm-3\"><div class=\"kc-col-container\">\t<div class=\"section-header kc-elm kc-css-67360 section-header--right\">\n\t\t<h2 class=\"section-title\">Per\u00fa<\/h2>\n\t\t<small class=\"section-subtitle\"><\/small>\n\t<\/div>\n<\/div><\/div><div class=\"kc-elm kc-css-420092 kc_col-sm-6 kc_column kc_col-sm-6\"><div class=\"kc-col-container\"><div class=\"kc-elm kc-css-843789 kc_google_maps kc_shortcode\" data-wheel=\"disable\"><div style=\"height: 350px\" class=\"kc-google-maps\"><iframe src=\"https:\/\/www.google.com\/maps\/embed?pb=!1m18!1m12!1m3!1d3902.073962865629!2d-76.95921678578792!3d-12.038429045021692!2m3!1f0!2f0!3f0!3m2!1i1024!2i768!4f13.1!3m3!1m2!1s0x9105c68215ae2255%3A0x12db1daf6ff34fc1!2sLote%2013!5e0!3m2!1ses-419!2spe!4v1628036719867!5m2!1ses-419!2spe\" height=\"350\" style=\"border:0; width: 100%\" allowfullscreen=\"\" loading=\"lazy\"><\/iframe><\/div><\/div><\/div><\/div><div class=\"kc-elm kc-css-132782 kc_col-sm-3 kc_column kc_col-sm-3\"><div class=\"kc-col-container\">\n<div class=\"kc-elm kc-css-432441 kc-title-wrap \">\n\n\t<h3 class=\"kc_title\">Address<\/h3>\n<\/div>\n<div class=\"kc-elm kc-css-938051 kc_text_block\"><\/p>\n<p style=\"font-weight: 400;\">HIPATIA LIBROS<\/p>\n<p style=\"font-weight: 400;\">CALLE 77 \u2013 MZ LL LOTE 13, CIUDAD DE LOS CONSTRUCTORES SJL, 15442 LIMA<\/p>\n<p>\n<\/div>\n<div class=\"kc-elm kc-css-229846 kc-title-wrap \">\n\n\t<h3 class=\"kc_title\">Contact<\/h3>\n<\/div>\n<div class=\"kc-elm kc-css-882432 kc_text_block\"><\/p>\n<p>51 \u2013 7455013<\/p>\n<p style=\"font-weight: 400; text-align: left;\"><a class=\"mailto-link\" href=\"mailto:j.palomino@hipatialibros.com\" target=\"_blank\" rel=\"noopener\">j.palomino@hipatialibros.com<\/a><\/p>\n<p style=\"font-weight: 400; text-align: left;\"><a href=\"www.hipatialibros.com\">www.hipatialibros.com\/<\/a><\/p>\n<p>\n<\/div><\/div><\/div><\/div><\/div><\/div><\/p>\n","protected":false},"excerpt":{"rendered":"","protected":false},"author":1,"featured_media":0,"parent":0,"menu_order":0,"comment_status":"closed","ping_status":"closed","template":"","meta":[],"yoast_head":"<!-- This site is optimized with the Yoast SEO plugin v16.4 - https:\/\/yoast.com\/wordpress\/plugins\/seo\/ -->\n<title>distribution - OB Stare<\/title>\n<meta name=\"robots\" content=\"index, follow, max-snippet:-1, max-image-preview:large, max-video-preview:-1\" \/>\n<link rel=\"canonical\" href=\"https:\/\/obstare.com\/en\/distribution\/\" \/>\n<meta property=\"og:locale\" content=\"en_US\" \/>\n<meta property=\"og:type\" content=\"article\" \/>\n<meta property=\"og:title\" content=\"distribution - OB Stare\" \/>\n<meta property=\"og:description\" content=\"Distributors Spain Address DISBOOK S.L. c\/ T\u00e9llez, 54, 3B, 28007, Madrid Contact 902-99 81 73 ext.: 10-11-12 comercial@disbook.com http:\/\/www.disbook.com\/ United\" \/>\n<meta property=\"og:url\" content=\"https:\/\/obstare.com\/en\/distribution\/\" \/>\n<meta property=\"og:site_name\" content=\"OB Stare\" \/>\n<meta property=\"article:modified_time\" content=\"2021-12-01T06:29:58+00:00\" \/>\n<meta name=\"twitter:card\" content=\"summary_large_image\" \/>\n<meta name=\"twitter:label1\" content=\"Est. reading time\" \/>\n\t<meta name=\"twitter:data1\" content=\"1 minute\" \/>\n<script type=\"application\/ld+json\" class=\"yoast-schema-graph\">{\"@context\":\"https:\/\/schema.org\",\"@graph\":[{\"@type\":\"WebSite\",\"@id\":\"https:\/\/obstare.com\/#website\",\"url\":\"https:\/\/obstare.com\/\",\"name\":\"OB Stare\",\"description\":\"Editorial OB Stare\",\"potentialAction\":[{\"@type\":\"SearchAction\",\"target\":\"https:\/\/obstare.com\/?s={search_term_string}\",\"query-input\":\"required name=search_term_string\"}],\"inLanguage\":\"en-US\"},{\"@type\":\"WebPage\",\"@id\":\"https:\/\/obstare.com\/en\/distribution\/#webpage\",\"url\":\"https:\/\/obstare.com\/en\/distribution\/\",\"name\":\"distribution - OB Stare\",\"isPartOf\":{\"@id\":\"https:\/\/obstare.com\/#website\"},\"datePublished\":\"2021-02-03T21:00:27+00:00\",\"dateModified\":\"2021-12-01T06:29:58+00:00\",\"breadcrumb\":{\"@id\":\"https:\/\/obstare.com\/en\/distribution\/#breadcrumb\"},\"inLanguage\":\"en-US\",\"potentialAction\":[{\"@type\":\"ReadAction\",\"target\":[\"https:\/\/obstare.com\/en\/distribution\/\"]}]},{\"@type\":\"BreadcrumbList\",\"@id\":\"https:\/\/obstare.com\/en\/distribution\/#breadcrumb\",\"itemListElement\":[{\"@type\":\"ListItem\",\"position\":1,\"item\":{\"@type\":\"WebPage\",\"@id\":\"https:\/\/obstare.com\/en\/\",\"url\":\"https:\/\/obstare.com\/en\/\",\"name\":\"Portada\"}},{\"@type\":\"ListItem\",\"position\":2,\"item\":{\"@id\":\"https:\/\/obstare.com\/en\/distribution\/#webpage\"}}]}]}<\/script>\n<!-- \/ Yoast SEO plugin. -->","_links":{"self":[{"href":"https:\/\/obstare.com\/en\/wp-json\/wp\/v2\/pages\/8056"}],"collection":[{"href":"https:\/\/obstare.com\/en\/wp-json\/wp\/v2\/pages"}],"about":[{"href":"https:\/\/obstare.com\/en\/wp-json\/wp\/v2\/types\/page"}],"author":[{"embeddable":true,"href":"https:\/\/obstare.com\/en\/wp-json\/wp\/v2\/users\/1"}],"replies":[{"embeddable":true,"href":"https:\/\/obstare.com\/en\/wp-json\/wp\/v2\/comments?post=8056"}],"version-history":[{"count":6,"href":"https:\/\/obstare.com\/en\/wp-json\/wp\/v2\/pages\/8056\/revisions"}],"predecessor-version":[{"id":10311,"href":"https:\/\/obstare.com\/en\/wp-json\/wp\/v2\/pages\/8056\/revisions\/10311"}],"wp:attachment":[{"href":"https:\/\/obstare.com\/en\/wp-json\/wp\/v2\/media?parent=8056"}],"curies":[{"name":"wp","href":"https:\/\/api.w.org\/{rel}","templated":true}]}}